{"id":15106,"date":"2021-11-26T16:38:19","date_gmt":"2021-11-26T16:38:19","guid":{"rendered":"https:\/\/bullinger.refsites.com\/?page_id=15106"},"modified":"2025-01-25T00:53:28","modified_gmt":"2025-01-25T00:53:28","slug":"home","status":"publish","type":"page","link":"https:\/\/evangelismoutreachministries.com\/es\/","title":{"rendered":"Hogar"},"content":{"rendered":"<h5>Bienvenido a<\/h5><h1><\/h1>\t\t\t\n\t\t\t\t<img decoding=\"async\" src=\"https:\/\/evangelismoutreachministries.com\/wp-content\/uploads\/2022\/05\/280818665_570958477673819_5156288676323493020_n.jpg\" alt=\"280818665_570958477673819_5156288676323493020_n\"\/>\n\t\t\t<h3>M\u00e1s informaci\u00f3n sobre la MOE<\/h3>\n\t\t<a href=\"\/es\/who-are-we\/\" target=\"_self\"  aria-label=\"Ir a \/quienes-somos\/\"><\/a>\n\t\t\t\t<img decoding=\"async\" src=\"https:\/\/evangelismoutreachministries.com\/wp-content\/uploads\/2022\/02\/DSC_0235-2-scaled.jpg\" alt=\"DSC_0235 (2)\"\/>\n\t\t\t<h3>V\u00eddeos del Ministerio<\/h3>\n\t\t<a href=\"https:\/\/evangelismoutreachministries.com\/es\/live\/\" target=\"_self\"  aria-label=\"Vaya a https:\/\/evangelismooutreachministries.com\/live\/\"><\/a>\n\t<h4>\n\t\t\t\t<a href=\"\/es\/events\/\" title=\"PR\u00d3XIMOS EVENTOS\" target=\"_self\">\n\t\t\t\tPR\u00d3XIMOS EVENTOS\n\t\t\t\t<\/a>\n\t\t\t<\/h4>\n\t<div class=\"mec-wrap mec-skin-list-container\" id=\"mec_skin_20337\">\r\n    \r\n    \r\n            <div class=\"mec-skin-list-events-container\" id=\"mec_skin_events_20337\">\r\n        <div class=\"mec-wrap colorskin-custom\">\r\n\t<div class=\"mec-event-list-minimal\">\r\n\t\t\r\n            \r\n                        <article class=\"mec-past-event mec-event-article  mec-clear  mec-divider-toggle mec-toggle-202605-20337\">\r\n                                                        <div class=\"col-md-9 col-sm-9\">\r\n\r\n                                                <div class=\"mec-event-date mec-bg-color\">\r\n                            <span>17<\/span>\r\n                            Puede                        <\/div>\r\n                        \r\n                        <div class=\"mec-time-details\"><span class=\"mec-start-time\">12:30 pm<\/span> - <span class=\"mec-end-time\">2:30 pm<\/span><\/div>                        <h4 class=\"mec-event-title\"><a class=\"mec-color-hover\" data-event-id=\"20866\" href=\"https:\/\/evangelismoutreachministries.com\/es\/events\/nursing-home-ministry\/?occurrence=2026-05-17\" target=\"_self\" rel=\"noopener\">Ministerio de hogares de ancianos<\/a><span class=\"event-color\" style=\"background: #8224e3\"><\/span><\/h4>\r\n                        <div class=\"mec-event-detail\">\r\n                            domingo, <span class=\"mec-event-loc-place\">Nombre del lugar<\/span>                         <\/div>\r\n                                                                                                                    <\/div>\r\n                    <div class=\"col-md-3 col-sm-3 btn-wrapper\"><a class=\"mec-detail-button\" data-event-id=\"20866\" href=\"https:\/\/evangelismoutreachministries.com\/es\/events\/nursing-home-ministry\/?occurrence=2026-05-17\" target=\"_self\" rel=\"noopener\">DETALLE DEL EVENTO<\/a><\/div>\r\n                            <\/article>\r\n            \t\t\r\n            \r\n                        <article class=\"mec-past-event mec-event-article  mec-clear  mec-divider-toggle mec-toggle-202605-20337\">\r\n                                                        <div class=\"col-md-9 col-sm-9\">\r\n\r\n                                                <div class=\"mec-event-date mec-bg-color\">\r\n                            <span>18<\/span>\r\n                            Puede                        <\/div>\r\n                        \r\n                        <div class=\"mec-time-details\"><span class=\"mec-start-time\">5:30 pm<\/span> - <span class=\"mec-end-time\">7:00 pm<\/span><\/div>                        <h4 class=\"mec-event-title\"><a class=\"mec-color-hover\" data-event-id=\"21319\" href=\"https:\/\/evangelismoutreachministries.com\/es\/events\/discipleship-meeting\/?occurrence=2026-05-18\" target=\"_self\" rel=\"noopener\">Reuni\u00f3n de discipulado<\/a><span class=\"event-color\" style=\"background: #e14d43\"><\/span><\/h4>\r\n                        <div class=\"mec-event-detail\">\r\n                            lunes, <span class=\"mec-event-loc-place\">Virtual<\/span>                         <\/div>\r\n                                                                                                                    <\/div>\r\n                    <div class=\"col-md-3 col-sm-3 btn-wrapper\"><a class=\"mec-detail-button\" data-event-id=\"21319\" href=\"https:\/\/evangelismoutreachministries.com\/es\/events\/discipleship-meeting\/?occurrence=2026-05-18\" target=\"_self\" rel=\"noopener\">DETALLE DEL EVENTO<\/a><\/div>\r\n                            <\/article>\r\n            \t\t\r\n            \r\n                        <article class=\"mec-past-event mec-event-article  mec-clear  mec-divider-toggle mec-toggle-202605-20337\">\r\n                                                        <div class=\"col-md-9 col-sm-9\">\r\n\r\n                                                <div class=\"mec-event-date mec-bg-color\">\r\n                            <span>22<\/span>\r\n                            Puede                        <\/div>\r\n                        \r\n                        <div class=\"mec-time-details\"><span class=\"mec-start-time\">6:00 pm<\/span> - <span class=\"mec-end-time\">9:30 pm<\/span><\/div>                        <h4 class=\"mec-event-title\"><a class=\"mec-color-hover\" data-event-id=\"20552\" href=\"https:\/\/evangelismoutreachministries.com\/es\/events\/community-outreach\/?occurrence=2026-05-22\" target=\"_self\" rel=\"noopener\">Alcance comunitario<\/a><span class=\"event-color\" style=\"background: #43b8ba\"><\/span><\/h4>\r\n                        <div class=\"mec-event-detail\">\r\n                            viernes, <span class=\"mec-event-loc-place\">El muelle de San Petersburgo<\/span>                         <\/div>\r\n                                                                                                                    <\/div>\r\n                    <div class=\"col-md-3 col-sm-3 btn-wrapper\"><a class=\"mec-detail-button\" data-event-id=\"20552\" href=\"https:\/\/evangelismoutreachministries.com\/es\/events\/community-outreach\/?occurrence=2026-05-22\" target=\"_self\" rel=\"noopener\">DETALLE DEL EVENTO<\/a><\/div>\r\n                            <\/article>\r\n            \t\t\r\n            \r\n                        <article class=\"mec-past-event mec-event-article  mec-clear  mec-divider-toggle mec-toggle-202605-20337\">\r\n                                                        <div class=\"col-md-9 col-sm-9\">\r\n\r\n                                                <div class=\"mec-event-date mec-bg-color\">\r\n                            <span>24<\/span>\r\n                            Puede                        <\/div>\r\n                        \r\n                        <div class=\"mec-time-details\"><span class=\"mec-start-time\">12:30 pm<\/span> - <span class=\"mec-end-time\">2:30 pm<\/span><\/div>                        <h4 class=\"mec-event-title\"><a class=\"mec-color-hover\" data-event-id=\"20866\" href=\"https:\/\/evangelismoutreachministries.com\/es\/events\/nursing-home-ministry\/?occurrence=2026-05-24\" target=\"_self\" rel=\"noopener\">Ministerio de hogares de ancianos<\/a><span class=\"event-color\" style=\"background: #8224e3\"><\/span><\/h4>\r\n                        <div class=\"mec-event-detail\">\r\n                            domingo, <span class=\"mec-event-loc-place\">Nombre del lugar<\/span>                         <\/div>\r\n                                                                                                                    <\/div>\r\n                    <div class=\"col-md-3 col-sm-3 btn-wrapper\"><a class=\"mec-detail-button\" data-event-id=\"20866\" href=\"https:\/\/evangelismoutreachministries.com\/es\/events\/nursing-home-ministry\/?occurrence=2026-05-24\" target=\"_self\" rel=\"noopener\">DETALLE DEL EVENTO<\/a><\/div>\r\n                            <\/article>\r\n            \t\t\t<\/div>\r\n<\/div>\r\n\r\n    <\/div>\r\n    <div class=\"mec-skin-list-no-events-container mec-util-hidden\" id=\"mec_skin_no_events_20337\">\r\n        \u00a1No se encontr\u00f3 ning\u00fan evento!    <\/div>\r\n        \r\n        \r\n<\/div>\n\t\t\t<a href=\"\/es\/events\/\" title=\"Haga clic aqu\u00ed\" target=\"_self\"   role=\"button\" aria-label=\"VER TODOS LOS EVENTOS\">\n\t\t\t\t\t\t\t\t\t\t\tVER TODOS LOS EVENTOS\n\t\t<\/a>\n\t<h4>\n\t\t\t\t<a href=\"\/es\/articles\/\" title=\"NOTICIAS Y ART\u00cdCULOS\" target=\"_self\">\n\t\t\t\tNOTICIAS Y ART\u00cdCULOS\n\t\t\t\t<\/a>\n\t\t\t<\/h4>\n\t\t\t<a href=\"\/es\/articles\/\" title=\"Haga clic aqu\u00ed\" target=\"_self\"   role=\"button\" aria-label=\"VER TODOS LOS ART\u00cdCULOS\">\n\t\t\t\t\t\t\t\t\t\t\tVER TODOS LOS ART\u00cdCULOS\n\t\t<\/a>\n\t\t\t\t<img decoding=\"async\" src=\"https:\/\/evangelismoutreachministries.com\/wp-content\/uploads\/2022\/01\/bv_mp5xqwc4-1500x1126.jpg\" alt=\"black cross under blue sky\"\/>\n\t\t\t<h3>\u00bfQu\u00e9 es el evangelio?<\/h3>\n\t\t<a href=\"https:\/\/evangelismoutreachministries.com\/es\/who-are-we\/the-gospel\/\" target=\"_self\"  aria-label=\"Vaya a https:\/\/evangelismoutreachministries.com\/who-are-we\/the-gospel\/\"><\/a>\n\t\t\t\t<img decoding=\"async\" src=\"https:\/\/evangelismoutreachministries.com\/wp-content\/uploads\/2022\/01\/psjwuxbmnlc.jpg\" alt=\"assorted-title books on shelf\"\/>\n\t\t\t<h3>Lectura recomendada<\/h3>\n\t\t<a href=\"\/es\/books\/\" target=\"_self\"  aria-label=\"Ir a \/libros\/\"><\/a>\n\t\t\t\t<img decoding=\"async\" src=\"https:\/\/evangelismoutreachministries.com\/wp-content\/uploads\/2021\/09\/fhnnjk1yj7y.jpg\" alt=\"MacBook Pro near white open book\"\/>\n\t\t\t<h3>Herramientas de estudio b\u00edblico<\/h3>\n\t\t<a href=\"\/es\/bible-study-tools\/\" target=\"_self\"  aria-label=\"Vaya a \/herramientas-de-estudio-biblico\/\"><\/a>\n<h3>\n\t\t\u00danase a nuestra lista de correo\n\t<\/h3>\n\t<p>Mant\u00e9ngase actualizado con lo que sucede en el campo.<\/p>\n\t<div class='fluentform ff-default fluentform_wrapper_2 ffs_default_wrap'><form data-form_id=\"2\" id=\"fluentform_2\" class=\"frm-fluent-form fluent_form_2 ff-el-form-top ff_form_instance_2_1 ff-form-loading ffs_default\" data-form_instance=\"ff_form_instance_2_1\" method=\"POST\" action=\"\" ><fieldset  style=\"border: none!important;margin: 0!important;padding: 0!important;background-color: transparent!important;box-shadow: none!important;outline: none!important; min-inline-size: 100%;\">\n                    <legend class=\"ff_screen_reader_title\" style=\"display: block; margin: 0!important;padding: 0!important;height: 0!important;text-indent: -999999px;width: 0!important;overflow:hidden;\">Formulario de suscripci\u00f3n<\/legend><input type='hidden' name='__fluent_form_embded_post_id' value='20866' \/><input type=\"hidden\" id=\"_fluentform_2_fluentformnonce\" name=\"_fluentform_2_fluentformnonce\" value=\"69c1f30201\" \/><input type=\"hidden\" name=\"_wp_http_referer\" value=\"\/es\/wp-json\/wp\/v2\/pages\/15106\" \/><div data-name=\"ff_cn_id_1\"  class='ff-t-container ff-column-container ff_columns_total_2'><div class='ff-t-cell ff-t-column-1' style='flex-basis: 50%;'><div class='ff-el-group'><div class='ff-el-input--content'><input type=\"email\" name=\"email\" id=\"ff_2_email\" class=\"ff-el-form-control\" placeholder=\"Su direcci\u00f3n de correo electr\u00f3nico\" data-name=\"email\"  aria-invalid=\"false\" aria-required=\"true\"><\/div><\/div><\/div><div class='ff-t-cell ff-t-column-2' style='flex-basis: 50%;'><div class='ff-el-group ff-text-left ff_submit_btn_wrapper ff_submit_btn_wrapper_custom'><button class=\"ff-btn ff-btn-submit ff-btn-md ff_btn_style wpf_has_custom_css\" type=\"submit\" name=\"custom_submit_button-2_1\" data-name=\"custom_submit_button-2_1\" >Suscribir<\/button><style>form.fluent_form_2 .wpf_has_custom_css.ff-btn-submit { background-color:#1a7efb;border-color:#1a7efb;color:#ffffff;min-width:100%; }form.fluent_form_2 .wpf_has_custom_css.ff-btn-submit:hover { background-color:#ffffff;border-color:#1a7efb;color:#1a7efb;min-width:100%; } <\/style><\/div><\/div><\/div><\/fieldset><input type=\"hidden\" name=\"trp-form-language\" value=\"es\"\/><\/form><div id='fluentform_2_errors' class='ff-errors-in-stack ff_form_instance_2_1 ff-form-loading_errors ff_form_instance_2_1_errors'><\/div><\/div>            <script type=\"text\/javascript\">\n                window.fluent_form_ff_form_instance_2_1 = {\"id\":\"2\",\"settings\":{\"layout\":{\"labelPlacement\":\"top\",\"helpMessagePlacement\":\"with_label\",\"errorMessagePlacement\":\"inline\",\"asteriskPlacement\":\"asterisk-right\"},\"restrictions\":{\"denyEmptySubmission\":{\"enabled\":false}}},\"form_instance\":\"ff_form_instance_2_1\",\"form_id_selector\":\"fluentform_2\",\"rules\":{\"email\":{\"required\":{\"value\":true,\"message\":\"This field is required\"},\"email\":{\"value\":true,\"message\":\"This field must contain a valid email\"}}},\"debounce_time\":300};\n                            <\/script>\n            \n<h3>\n\t\t\u00bfQuieres ayudar?\n\t<\/h3>\n\t<p>\u00bfQuieres ayudar a difundir el evangelio? Descubre c\u00f3mo puedes ayudar.<\/p>\n\t\t\t<a href=\"\/es\/needs\/\" target=\"_self\">\n\t\t\t\t\t\t\tAprende m\u00e1s\n\t\t\t\t\t<\/a>\n\t\t\t<h2>\u201cPorque no me averg\u00fcenzo del evangelio, porque es poder de Dios para salvaci\u00f3n a todo aquel que cree; al jud\u00edo primeramente, y tambi\u00e9n al griego.\u201d<\/h2>\t\t\t\n\t\t\t\t<p>(Romanos 1:16)<\/p>","protected":false},"excerpt":{"rendered":"<p>EOM organiza un servicio religioso semanal en una residencia de ancianos en el \u00e1rea de Tampa Bay para personas mayores que no pueden asistir a una iglesia local. Si le interesa apoyar o participar en este ministerio, visite nuestra p\u00e1gina de contacto y complete el formulario. Nos pondremos en contacto con usted.<\/p>","protected":false},"author":2,"featured_media":0,"parent":0,"menu_order":0,"comment_status":"closed","ping_status":"closed","template":"","meta":{"_seopress_robots_primary_cat":"","_seopress_titles_title":"Evangelism Outreach Ministries, Inc.","_seopress_titles_desc":"","_seopress_robots_index":"","_seopress_analysis_target_kw":"","_uag_custom_page_level_css":"","footnotes":""},"class_list":["post-15106","page","type-page","status-publish","hentry"],"blocksy_meta":{"styles_descriptor":{"styles":{"desktop":"","tablet":"","mobile":""},"google_fonts":[],"version":6}},"uagb_featured_image_src":{"full":false,"thumbnail":false,"medium":false,"medium_large":false,"large":false,"thumblist":false,"meccarouselthumb":false,"gridsquare":false,"tileview":false,"1536x1536":false,"2048x2048":false,"trp-custom-language-flag":false,"sermon_small":false,"sermon_medium":false,"sermon_wide":false,"detail":false},"uagb_author_info":{"display_name":"Donald","author_link":"https:\/\/evangelismoutreachministries.com\/es\/author\/eoministries19gmail-com\/"},"uagb_comment_info":0,"uagb_excerpt":"Welcome To Learn More about EOM Ministry Videos UPCOMING EVENTS VIEW ALL EVENTS NEWS AND ARTICLES VIEW ALL ARTICLES What is the Gospel? Recommended Reading Bible Study Tools Join our Mailing List Stay up-to-date with what&#8217;s happening on the field. Want to help? Want to help spread the gospel? Find out how you can help.&hellip;","sermons_blog_filters_topics":"\t\t\t\t<div class=\"sm-filtering\">\n\t\t\t\t\t<div id=\"wpfc_sermon_sorting\" class=\"no-spacing\">\n\t\t\t\t\t\t\t\t\t\t\t\t\t\n\t\t\t\t\t<div class=\"sortTopics\" style=\"display: inline-block\">\n\t\t\t\t<form action=\"https:\/\/evangelismoutreachministries.com\/es\/wp-json\/wp\/v2\/pages\/15106\/\" method=\"get\">\n\t\t\t\t\t<select name=\"wpfc_sermon_topics\"\n\t\t\t\t\t\t\ttitle=\"Topic\"\n\t\t\t\t\t\t\tid=\"wpfc_sermon_topics\"\n\t\t\t\t\t\t\tonchange=\"if(this.options[this.selectedIndex].value !== ''){return this.form.submit()}else{window.location = window.location.href.split('?')[0];}\"\n\t\t\t\t\t\t\tautocomplete=\"off\"\n\t\t\t\t\t\t>\n\t\t\t\t\t\t<option value=\"\">Topic<\/option>\n\t\t\t\t\t\t<option value=\"types-and-shadows\" >Types and Shadows<\/option>\t\t\t\t\t<\/select>\n\t\t\t\t\t\t\t\t\t\t\t\t\t\t\t\t\t\t\t\t\t\t\t\t\t<noscript>\n\t\t\t\t\t\t<div><input type=\"submit\" value=\"Submit\"\/><\/div>\n\t\t\t\t\t<\/noscript>\n\t\t\t\t<\/form>\n\t\t\t<\/div>\n\t\t\t\t\t\t\t\t\t\t\t\t\t\t\t\t\t\t<\/div>\n\t\t\t\t<\/div>\n\t\t\t\t","sermons_blog_filters_series":"\t\t\t\t<div class=\"sm-filtering\">\n\t\t\t\t\t<div id=\"wpfc_sermon_sorting\" class=\"no-spacing\">\n\t\t\t\t\t\t\t\t\n\t\t\t\t\t<div class=\"sortSeries\" style=\"display: inline-block\">\n\t\t\t\t<form action=\"https:\/\/evangelismoutreachministries.com\/es\/wp-json\/wp\/v2\/pages\/15106\/\" method=\"get\">\n\t\t\t\t\t<select name=\"wpfc_sermon_series\"\n\t\t\t\t\t\t\ttitle=\"Series\"\n\t\t\t\t\t\t\tid=\"wpfc_sermon_series\"\n\t\t\t\t\t\t\tonchange=\"if(this.options[this.selectedIndex].value !== ''){return this.form.submit()}else{window.location = window.location.href.split('?')[0];}\"\n\t\t\t\t\t\t\tautocomplete=\"off\"\n\t\t\t\t\t\t>\n\t\t\t\t\t\t<option value=\"\">Series<\/option>\n\t\t\t\t\t\t<option value=\"christ-in-the-psalms\" >Christ in the Psalms<\/option>\t\t\t\t\t<\/select>\n\t\t\t\t\t\t\t\t\t\t\t\t\t\t\t\t\t\t\t\t\t\t\t\t\t<noscript>\n\t\t\t\t\t\t<div><input type=\"submit\" value=\"Submit\"\/><\/div>\n\t\t\t\t\t<\/noscript>\n\t\t\t\t<\/form>\n\t\t\t<\/div>\n\t\t\t\t\t\t\t\t\t\t\t\t\t\t\t\t\t\t\t\t\t\t\t<\/div>\n\t\t\t\t<\/div>\n\t\t\t\t","sermons_blog_filters_preachers":"\t\t\t\t<div class=\"sm-filtering\">\n\t\t\t\t\t<div id=\"wpfc_sermon_sorting\" class=\"no-spacing\">\n\t\t\t\n\t\t\t\t\t<div class=\"sortPreacher\" style=\"display: inline-block\">\n\t\t\t\t<form action=\"https:\/\/evangelismoutreachministries.com\/es\/wp-json\/wp\/v2\/pages\/15106\/\" method=\"get\">\n\t\t\t\t\t<select name=\"wpfc_preacher\"\n\t\t\t\t\t\t\ttitle=\"Speaker\"\n\t\t\t\t\t\t\tid=\"wpfc_preacher\"\n\t\t\t\t\t\t\tonchange=\"if(this.options[this.selectedIndex].value !== ''){return this.form.submit()}else{window.location = window.location.href.split('?')[0];}\"\n\t\t\t\t\t\t\tautocomplete=\"off\"\n\t\t\t\t\t\t>\n\t\t\t\t\t\t<option value=\"\">Speaker<\/option>\n\t\t\t\t\t\t<option value=\"pastor-john\" >Pastor John<\/option>\t\t\t\t\t<\/select>\n\t\t\t\t\t\t\t\t\t\t\t\t\t\t\t\t\t\t\t\t\t\t\t\t\t<noscript>\n\t\t\t\t\t\t<div><input type=\"submit\" value=\"Submit\"\/><\/div>\n\t\t\t\t\t<\/noscript>\n\t\t\t\t<\/form>\n\t\t\t<\/div>\n\t\t\t\t\t\t\t\t\t\t\t\t\t\t\t\t\t\t\t\t\t\t\t\t\t\t\t\t<\/div>\n\t\t\t\t<\/div>\n\t\t\t\t","sermons_blog_filters_books":"\t\t\t\t<div class=\"sm-filtering\">\n\t\t\t\t\t<div id=\"wpfc_sermon_sorting\" class=\"no-spacing\">\n\t\t\t\t\t\t\t\t\t\t\t\t\t\t\t\t\t\t\n\t\t\t\t\t<div class=\"sortBooks\" style=\"display: inline-block\">\n\t\t\t\t<form action=\"https:\/\/evangelismoutreachministries.com\/es\/wp-json\/wp\/v2\/pages\/15106\/\" method=\"get\">\n\t\t\t\t\t<select name=\"wpfc_bible_book\"\n\t\t\t\t\t\t\ttitle=\"Book\"\n\t\t\t\t\t\t\tid=\"wpfc_bible_book\"\n\t\t\t\t\t\t\tonchange=\"if(this.options[this.selectedIndex].value !== ''){return this.form.submit()}else{window.location = window.location.href.split('?')[0];}\"\n\t\t\t\t\t\t\tautocomplete=\"off\"\n\t\t\t\t\t\t>\n\t\t\t\t\t\t<option value=\"\">Book<\/option>\n\t\t\t\t\t\t<option value=\"psalms\" >Psalms<\/option><option value=\"genesis\" >Genesis<\/option><option value=\"exodus\" >Exodus<\/option><option value=\"leviticus\" >Leviticus<\/option><option value=\"numbers\" >Numbers<\/option><option value=\"deuteronomy\" >Deuteronomy<\/option><option value=\"joshua\" >Joshua<\/option><option value=\"judges\" >Judges<\/option><option value=\"ruth\" >Ruth<\/option><option value=\"1-samuel\" >1 Samuel<\/option><option value=\"2-samuel\" >2 Samuel<\/option><option value=\"1-kings\" >1 Kings<\/option><option value=\"2-kings\" >2 Kings<\/option><option value=\"1-chronicles\" >1 Chronicles<\/option><option value=\"2-chronicles\" >2 Chronicles<\/option><option value=\"ezra\" >Ezra<\/option><option value=\"nehemiah\" >Nehemiah<\/option><option value=\"esther\" >Esther<\/option><option value=\"job\" >Job<\/option><option value=\"proverbs\" >Proverbs<\/option><option value=\"ecclesiastes\" >Ecclesiastes<\/option><option value=\"song-of-solomon\" >Song of Solomon<\/option><option value=\"isaiah\" >Isaiah<\/option><option value=\"jeremiah\" >Jeremiah<\/option><option value=\"lamentations\" >Lamentations<\/option><option value=\"daniel\" >Daniel<\/option><option value=\"ezekiel\" >Ezekiel<\/option><option value=\"hosea\" >Hosea<\/option><option value=\"joel\" >Joel<\/option><option value=\"amos\" >Amos<\/option><option value=\"obadiah\" >Obadiah<\/option><option value=\"jonah\" >Jonah<\/option><option value=\"micah\" >Micah<\/option><option value=\"nahum\" >Nahum<\/option><option value=\"habakkuk\" >Habakkuk<\/option><option value=\"zephaniah\" >Zephaniah<\/option><option value=\"haggai\" >Haggai<\/option><option value=\"zechariah\" >Zechariah<\/option><option value=\"malachi\" >Malachi<\/option><option value=\"matthew\" >Matthew<\/option><option value=\"mark\" >Mark<\/option><option value=\"luke\" >Luke<\/option><option value=\"john\" >John<\/option><option value=\"acts\" >Acts<\/option><option value=\"romans\" >Romans<\/option><option value=\"1-corinthians\" >1 Corinthians<\/option><option value=\"2-corinthians\" >2 Corinthians<\/option><option value=\"galatians\" >Galatians<\/option><option value=\"ephesians\" >Ephesians<\/option><option value=\"philippians\" >Philippians<\/option><option value=\"colossians\" >Colossians<\/option><option value=\"1-thessalonians\" >1 Thessalonians<\/option><option value=\"2-thessalonians\" >2 Thessalonians<\/option><option value=\"1-timothy\" >1 Timothy<\/option><option value=\"2-timothy\" >2 Timothy<\/option><option value=\"titus\" >Titus<\/option><option value=\"philemon\" >Philemon<\/option><option value=\"hebrews\" >Hebrews<\/option><option value=\"james\" >James<\/option><option value=\"1-peter\" >1 Peter<\/option><option value=\"2-peter\" >2 Peter<\/option><option value=\"1-john\" >1 John<\/option><option value=\"2-john\" >2 John<\/option><option value=\"3-john\" >3 John<\/option><option value=\"jude\" >Jude<\/option><option value=\"revelation\" >Revelation<\/option>\t\t\t\t\t<\/select>\n\t\t\t\t\t\t\t\t\t\t\t\t\t\t\t\t\t\t\t\t\t\t\t\t\t<noscript>\n\t\t\t\t\t\t<div><input type=\"submit\" value=\"Submit\"\/><\/div>\n\t\t\t\t\t<\/noscript>\n\t\t\t\t<\/form>\n\t\t\t<\/div>\n\t\t\t\t\t\t\t\t\t\t\t\t\t<\/div>\n\t\t\t\t<\/div>\n\t\t\t\t","sermons_blog_filters_service_types":"\t\t\t\t<div class=\"sm-filtering\">\n\t\t\t\t\t<div id=\"wpfc_sermon_sorting\" class=\"no-spacing\">\n\t\t\t\t\t\t\t\t\t\t\t\t\t\t\t\t\t\t\t\t\t\t\t\n\t\t\t\t\t<div class=\"sortServiceTypes\" style=\"display: inline-block\">\n\t\t\t\t<form action=\"https:\/\/evangelismoutreachministries.com\/es\/wp-json\/wp\/v2\/pages\/15106\/\" method=\"get\">\n\t\t\t\t\t<select name=\"wpfc_service_type\"\n\t\t\t\t\t\t\ttitle=\"Service Type\"\n\t\t\t\t\t\t\tid=\"wpfc_service_type\"\n\t\t\t\t\t\t\tonchange=\"if(this.options[this.selectedIndex].value !== ''){return this.form.submit()}else{window.location = window.location.href.split('?')[0];}\"\n\t\t\t\t\t\t\tautocomplete=\"off\"\n\t\t\t\t\t\t>\n\t\t\t\t\t\t<option value=\"\">Service Type<\/option>\n\t\t\t\t\t\t<option value=\"morning-service\" >Morning Service<\/option>\t\t\t\t\t<\/select>\n\t\t\t\t\t\t\t\t\t\t\t\t\t\t\t\t\t\t\t\t\t\t\t\t\t<noscript>\n\t\t\t\t\t\t<div><input type=\"submit\" value=\"Submit\"\/><\/div>\n\t\t\t\t\t<\/noscript>\n\t\t\t\t<\/form>\n\t\t\t<\/div>\n\t\t\t\t\t\t\t\t<\/div>\n\t\t\t\t<\/div>\n\t\t\t\t","sermons_blog_filters_dates":"\t\t\t\t<div class=\"sm-filtering\">\n\t\t\t\t\t<div id=\"wpfc_sermon_sorting\" class=\"no-spacing\">\n\t\t\t\t\t\t\t\t\t\t\t\t\t\t\t\t\t\t\t\t\t\t\t\t\t\t\t\t\n\t\t\t\t\t<div class=\"sortDates\" style=\"display: inline-block\">\n\t\t\t\t<form action=\"https:\/\/evangelismoutreachministries.com\/es\/wp-json\/wp\/v2\/pages\/15106\/\" method=\"get\">\n\t\t\t\t\t<select name=\"wpfc_dates\"\n\t\t\t\t\t\t\ttitle=\"Date\"\n\t\t\t\t\t\t\tid=\"wpfc_dates\"\n\t\t\t\t\t\t\tonchange=\"if(this.options[this.selectedIndex].value !== ''){return this.form.submit()}else{window.location = window.location.href.split('?')[0];}\"\n\t\t\t\t\t\t\tautocomplete=\"off\"\n\t\t\t\t\t\t>\n\t\t\t\t\t\t<option value=\"\">Date<\/option>\n\t\t\t\t\t\t\t\t\t\t\t<\/select>\n\t\t\t\t\t\t\t\t\t\t\t\t\t\t\t\t\t\t\t\t\t\t\t\t\t<noscript>\n\t\t\t\t\t\t<div><input type=\"submit\" value=\"Submit\"\/><\/div>\n\t\t\t\t\t<\/noscript>\n\t\t\t\t<\/form>\n\t\t\t<\/div>\n\t\t\t<\/div>\n\t\t\t\t<\/div>\n\t\t\t\t","sermons_blog_image_url":"https:\/\/evangelismoutreachministries.com\/wp-content\/uploads\/2023\/03\/3xewen1rusa.jpg","sermons_blog_video":"","sermons_blog_series":false,"sermons_blog_meta_sermon_description":"","sermons_blog_show_readmore":false,"sermons_blog_audio":false,"sermons_blog_preacher_image":"","sermons_blog_preacher":false,"sermons_blog_bible_passage":null,"sermons_blog_service_type":false,"_links":{"self":[{"href":"https:\/\/evangelismoutreachministries.com\/es\/wp-json\/wp\/v2\/pages\/15106","targetHints":{"allow":["GET"]}}],"collection":[{"href":"https:\/\/evangelismoutreachministries.com\/es\/wp-json\/wp\/v2\/pages"}],"about":[{"href":"https:\/\/evangelismoutreachministries.com\/es\/wp-json\/wp\/v2\/types\/page"}],"author":[{"embeddable":true,"href":"https:\/\/evangelismoutreachministries.com\/es\/wp-json\/wp\/v2\/users\/2"}],"replies":[{"embeddable":true,"href":"https:\/\/evangelismoutreachministries.com\/es\/wp-json\/wp\/v2\/comments?post=15106"}],"version-history":[{"count":39,"href":"https:\/\/evangelismoutreachministries.com\/es\/wp-json\/wp\/v2\/pages\/15106\/revisions"}],"predecessor-version":[{"id":21476,"href":"https:\/\/evangelismoutreachministries.com\/es\/wp-json\/wp\/v2\/pages\/15106\/revisions\/21476"}],"wp:attachment":[{"href":"https:\/\/evangelismoutreachministries.com\/es\/wp-json\/wp\/v2\/media?parent=15106"}],"curies":[{"name":"wp","href":"https:\/\/api.w.org\/{rel}","templated":true}]}}