{"id":17035,"date":"2021-11-26T16:38:19","date_gmt":"2021-11-26T16:38:19","guid":{"rendered":"https:\/\/bullinger.refsites.com\/?page_id=17035"},"modified":"2023-11-13T00:44:15","modified_gmt":"2023-11-13T00:44:15","slug":"who-are-we","status":"publish","type":"page","link":"https:\/\/evangelismoutreachministries.com\/es\/who-are-we\/","title":{"rendered":"\u00bfQuienes somos?"},"content":{"rendered":"<p>Evangelism Outreach Ministries es un grupo de cristianos nacidos de nuevo que abrazan Sola y Tota Scriptura, y que buscan vivir de acuerdo con la Palabra y la Voluntad de Dios. Somos colaboradores juntos en Cristo que nos dedicamos a la proclamaci\u00f3n del Evangelio en la plaza p\u00fablica y a la obra del ministerio como se afirma en Efesios 4:11-16, que dice:<\/p>\r\n<p><em>Y el\u00a0<\/em>(Jes\u00fas)<em>\u00a0dio algunos, ap\u00f3stoles; y algunos, profetas; y algunos, evangelistas; y algunos, pastores y maestros<\/em>;\u00a0<em>Para perfeccionar a los santos, para la obra del ministerio, para la edificaci\u00f3n del cuerpo de Cristo, hasta que todos lleguemos a la unidad de la fe y del conocimiento del Hijo de Dios, a un hombre perfecto, a la medida de la estatura de la plenitud de Cristo: Para que de ahora en adelante ya no seamos ni\u00f1os fluctuantes y llevados por doquier de todo viento de doctrina, por estratagema de los hombres y con astucia con que acechan para enga\u00f1ar. ; Pero hablando la verdad en amor, crezcamos en todo en aquel que es la cabeza, es decir, Cristo, de quien todo el cuerpo, bien unido y compactado por lo que cada coyuntura produce, seg\u00fan la operaci\u00f3n eficaz en la medida de cada parte hace crecer el cuerpo para edificaci\u00f3n de s\u00ed mismo en amor<\/em>.<\/p>\r\n\r\n\r\n\r\n<div class=\"wp-block-uagb-info-box uagb-infobox__outer-wrap uagb-block-542e4f53\">\r\n<div class=\"uagb-infobox__content-wrap uagb-infobox uagb-infobox-has-icon uagb-infobox-icon-above-title uagb-infobox-image-valign-top uagb-infobox-enable-border-radius\">\r\n<div class=\"uagb-ifb-left-right-wrap\">\r\n<div class=\"uagb-ifb-content\">\r\n<div class=\"uagb-ifb-image-icon-content uagb-ifb-imgicon-wrap\">\r\n<div class=\"uagb-ifb-icon-wrap\">\u00a0<\/div>\r\n<\/div>\r\n<div class=\"uagb-ifb-title-wrap\">\r\n<h3 class=\"uagb-ifb-title\">&quot;\u00bfCu\u00e1l es la principal finalidad del hombre?<br \/>El fin principal del hombre es glorificar a Dios y disfrutarlo para siempre\u201d.<\/h3>\r\n<\/div>\r\n<div class=\"uagb-ifb-separator-parent\">\r\n<div class=\"uagb-ifb-separator\">\u00a0<\/div>\r\n<\/div>\r\n<div class=\"uagb-ifb-text-wrap\">\r\n<p class=\"uagb-ifb-desc\">EL CATECISMO BREVE DE WESTMINSTER<\/p>\r\n<\/div>\r\n<\/div>\r\n<\/div>\r\n<\/div>\r\n<\/div>\r\n\r\n\r\n\r\n<div class=\"wp-block-spacer\" style=\"height: 80px;\" aria-hidden=\"true\">\u00a0<\/div>\r\n\r\n\r\n\r\n<figure class=\"wp-block-gallery columns-4 is-cropped wp-block-gallery-1 is-layout-flex wp-block-gallery-is-layout-flex\">\r\n<ul class=\"blocks-gallery-grid\">\r\n<li class=\"blocks-gallery-item\">\r\n<figure><img loading=\"lazy\" decoding=\"async\" class=\"alignnone  wp-image-20537\" src=\"https:\/\/evangelismoutreachministries.com\/wp-content\/uploads\/2022\/02\/PXL_20211218_011152820.MP_-450x600.jpg\" alt=\"\" width=\"518\" height=\"691\" srcset=\"https:\/\/evangelismoutreachministries.com\/wp-content\/uploads\/2022\/02\/PXL_20211218_011152820.MP_-450x600.jpg 450w, https:\/\/evangelismoutreachministries.com\/wp-content\/uploads\/2022\/02\/PXL_20211218_011152820.MP_-300x400.jpg 300w, https:\/\/evangelismoutreachministries.com\/wp-content\/uploads\/2022\/02\/PXL_20211218_011152820.MP_.jpg 707w\" sizes=\"auto, (max-width: 518px) 100vw, 518px\" \/><\/figure>\r\n<\/li>\r\n<li class=\"blocks-gallery-item\">\r\n<figure><img loading=\"lazy\" decoding=\"async\" width=\"520\" height=\"483\" class=\"wp-image-20291\" src=\"https:\/\/evangelismoutreachministries.com\/wp-content\/uploads\/2022\/01\/jan.-2021-don-2.jpg\" alt=\"\" data-id=\"20291\" data-full-url=\"https:\/\/evangelismoutreachministries.com\/wp-content\/uploads\/2022\/01\/jan.-2021-don-2.jpg\" data-link=\"https:\/\/evangelismoutreachministries.com\/who-are-we\/jan-2021-don-2\/\" \/><\/figure>\r\n<\/li>\r\n<li class=\"blocks-gallery-item\">\r\n<figure><img loading=\"lazy\" decoding=\"async\" width=\"523\" height=\"632\" class=\"wp-image-20290\" src=\"https:\/\/evangelismoutreachministries.com\/wp-content\/uploads\/2022\/01\/jan.-2021-bladimir.jpg\" alt=\"\" data-id=\"20290\" data-full-url=\"https:\/\/evangelismoutreachministries.com\/wp-content\/uploads\/2022\/01\/jan.-2021-bladimir.jpg\" data-link=\"https:\/\/evangelismoutreachministries.com\/who-are-we\/jan-2021-bladimir\/\" srcset=\"https:\/\/evangelismoutreachministries.com\/wp-content\/uploads\/2022\/01\/jan.-2021-bladimir.jpg 523w, https:\/\/evangelismoutreachministries.com\/wp-content\/uploads\/2022\/01\/jan.-2021-bladimir-497x600.jpg 497w\" sizes=\"auto, (max-width: 523px) 100vw, 523px\" \/><\/figure>\r\n<\/li>\r\n<li class=\"blocks-gallery-item\">\r\n<figure><img loading=\"lazy\" decoding=\"async\" width=\"575\" height=\"504\" class=\"wp-image-20289\" src=\"https:\/\/evangelismoutreachministries.com\/wp-content\/uploads\/2022\/01\/jan.-2021-andrew.jpg\" alt=\"\" data-id=\"20289\" data-full-url=\"https:\/\/evangelismoutreachministries.com\/wp-content\/uploads\/2022\/01\/jan.-2021-andrew.jpg\" data-link=\"https:\/\/evangelismoutreachministries.com\/who-are-we\/jan-2021-andrew\/\" \/><\/figure>\r\n<\/li>\r\n<\/ul>\r\n<\/figure>\r\n\r\n\r\n\r\n<div class=\"wp-block-group is-layout-flow wp-block-group-is-layout-flow\">\u00a0<\/div>\r\n\r\n\r\n\r\n<p>&nbsp;<\/p>","protected":false},"excerpt":{"rendered":"<p>Evangelism Outreach Ministries is a group of Born Again Christians who embrace Sola and Tota Scriptura, and who seek to live in accordance with the Word and Will of God. We are co-laborers together in Christ who are devoted to the proclamation of the Gospel in the public square, and the work of the ministry [&hellip;]<\/p>","protected":false},"author":2,"featured_media":20827,"parent":0,"menu_order":0,"comment_status":"closed","ping_status":"closed","template":"","meta":{"_seopress_robots_primary_cat":"","_seopress_titles_title":"","_seopress_titles_desc":"","_seopress_robots_index":"","_seopress_analysis_target_kw":"","_uag_custom_page_level_css":"","footnotes":""},"class_list":["post-17035","page","type-page","status-publish","has-post-thumbnail","hentry"],"blocksy_meta":{"styles_descriptor":{"styles":{"desktop":"","tablet":"","mobile":""},"google_fonts":[],"version":6}},"uagb_featured_image_src":{"full":["https:\/\/evangelismoutreachministries.com\/wp-content\/uploads\/2023\/01\/IMG_20221209_224305-2.jpg",858,643,false],"thumbnail":["https:\/\/evangelismoutreachministries.com\/wp-content\/uploads\/2023\/01\/IMG_20221209_224305-2-350x350.jpg",350,350,true],"medium":["https:\/\/evangelismoutreachministries.com\/wp-content\/uploads\/2023\/01\/IMG_20221209_224305-2-600x450.jpg",600,450,true],"medium_large":["https:\/\/evangelismoutreachministries.com\/wp-content\/uploads\/2023\/01\/IMG_20221209_224305-2-768x576.jpg",768,576,true],"large":["https:\/\/evangelismoutreachministries.com\/wp-content\/uploads\/2023\/01\/IMG_20221209_224305-2.jpg",858,643,false],"thumblist":["https:\/\/evangelismoutreachministries.com\/wp-content\/uploads\/2023\/01\/IMG_20221209_224305-2-300x300.jpg",300,300,true],"meccarouselthumb":["https:\/\/evangelismoutreachministries.com\/wp-content\/uploads\/2023\/01\/IMG_20221209_224305-2-474x324.jpg",474,324,true],"gridsquare":["https:\/\/evangelismoutreachministries.com\/wp-content\/uploads\/2023\/01\/IMG_20221209_224305-2-391x260.jpg",391,260,true],"tileview":["https:\/\/evangelismoutreachministries.com\/wp-content\/uploads\/2023\/01\/IMG_20221209_224305-2-300x400.jpg",300,400,true],"1536x1536":["https:\/\/evangelismoutreachministries.com\/wp-content\/uploads\/2023\/01\/IMG_20221209_224305-2.jpg",858,643,false],"2048x2048":["https:\/\/evangelismoutreachministries.com\/wp-content\/uploads\/2023\/01\/IMG_20221209_224305-2.jpg",858,643,false],"trp-custom-language-flag":["https:\/\/evangelismoutreachministries.com\/wp-content\/uploads\/2023\/01\/IMG_20221209_224305-2.jpg",16,12,false],"sermon_small":["https:\/\/evangelismoutreachministries.com\/wp-content\/uploads\/2023\/01\/IMG_20221209_224305-2-75x75.jpg",75,75,true],"sermon_medium":["https:\/\/evangelismoutreachministries.com\/wp-content\/uploads\/2023\/01\/IMG_20221209_224305-2-300x200.jpg",300,200,true],"sermon_wide":["https:\/\/evangelismoutreachministries.com\/wp-content\/uploads\/2023\/01\/IMG_20221209_224305-2-858x350.jpg",858,350,true],"detail":["https:\/\/evangelismoutreachministries.com\/wp-content\/uploads\/2023\/01\/IMG_20221209_224305-2-75x75.jpg",75,75,true]},"uagb_author_info":{"display_name":"Donald","author_link":"https:\/\/evangelismoutreachministries.com\/es\/author\/eoministries19gmail-com\/"},"uagb_comment_info":0,"uagb_excerpt":"Evangelism Outreach Ministries is a group of Born Again Christians who embrace Sola and Tota Scriptura, and who seek to live in accordance with the Word and Will of God. We are co-laborers together in Christ who are devoted to the proclamation of the Gospel in the public square, and the work of the ministry&hellip;","sermons_blog_filters_topics":"\t\t\t\t<div class=\"sm-filtering\">\n\t\t\t\t\t<div id=\"wpfc_sermon_sorting\" class=\"no-spacing\">\n\t\t\t\t\t\t\t\t\t\t\t\t\t\n\t\t\t\t\t<div class=\"sortTopics\" style=\"display: inline-block\">\n\t\t\t\t<form action=\"https:\/\/evangelismoutreachministries.com\/es\/wp-json\/wp\/v2\/pages\/17035\/\" method=\"get\">\n\t\t\t\t\t<select name=\"wpfc_sermon_topics\"\n\t\t\t\t\t\t\ttitle=\"Topic\"\n\t\t\t\t\t\t\tid=\"wpfc_sermon_topics\"\n\t\t\t\t\t\t\tonchange=\"if(this.options[this.selectedIndex].value !== ''){return this.form.submit()}else{window.location = window.location.href.split('?')[0];}\"\n\t\t\t\t\t\t\tautocomplete=\"off\"\n\t\t\t\t\t\t>\n\t\t\t\t\t\t<option value=\"\">Topic<\/option>\n\t\t\t\t\t\t<option value=\"types-and-shadows\" >Types and Shadows<\/option>\t\t\t\t\t<\/select>\n\t\t\t\t\t\t\t\t\t\t\t\t\t\t\t\t\t\t\t\t\t\t\t\t\t<noscript>\n\t\t\t\t\t\t<div><input type=\"submit\" value=\"Submit\"\/><\/div>\n\t\t\t\t\t<\/noscript>\n\t\t\t\t<\/form>\n\t\t\t<\/div>\n\t\t\t\t\t\t\t\t\t\t\t\t\t\t\t\t\t\t<\/div>\n\t\t\t\t<\/div>\n\t\t\t\t","sermons_blog_filters_series":"\t\t\t\t<div class=\"sm-filtering\">\n\t\t\t\t\t<div id=\"wpfc_sermon_sorting\" class=\"no-spacing\">\n\t\t\t\t\t\t\t\t\n\t\t\t\t\t<div class=\"sortSeries\" style=\"display: inline-block\">\n\t\t\t\t<form action=\"https:\/\/evangelismoutreachministries.com\/es\/wp-json\/wp\/v2\/pages\/17035\/\" method=\"get\">\n\t\t\t\t\t<select name=\"wpfc_sermon_series\"\n\t\t\t\t\t\t\ttitle=\"Series\"\n\t\t\t\t\t\t\tid=\"wpfc_sermon_series\"\n\t\t\t\t\t\t\tonchange=\"if(this.options[this.selectedIndex].value !== ''){return this.form.submit()}else{window.location = window.location.href.split('?')[0];}\"\n\t\t\t\t\t\t\tautocomplete=\"off\"\n\t\t\t\t\t\t>\n\t\t\t\t\t\t<option value=\"\">Series<\/option>\n\t\t\t\t\t\t<option value=\"christ-in-the-psalms\" >Christ in the Psalms<\/option>\t\t\t\t\t<\/select>\n\t\t\t\t\t\t\t\t\t\t\t\t\t\t\t\t\t\t\t\t\t\t\t\t\t<noscript>\n\t\t\t\t\t\t<div><input type=\"submit\" value=\"Submit\"\/><\/div>\n\t\t\t\t\t<\/noscript>\n\t\t\t\t<\/form>\n\t\t\t<\/div>\n\t\t\t\t\t\t\t\t\t\t\t\t\t\t\t\t\t\t\t\t\t\t\t<\/div>\n\t\t\t\t<\/div>\n\t\t\t\t","sermons_blog_filters_preachers":"\t\t\t\t<div class=\"sm-filtering\">\n\t\t\t\t\t<div id=\"wpfc_sermon_sorting\" class=\"no-spacing\">\n\t\t\t\n\t\t\t\t\t<div class=\"sortPreacher\" style=\"display: inline-block\">\n\t\t\t\t<form action=\"https:\/\/evangelismoutreachministries.com\/es\/wp-json\/wp\/v2\/pages\/17035\/\" method=\"get\">\n\t\t\t\t\t<select name=\"wpfc_preacher\"\n\t\t\t\t\t\t\ttitle=\"Speaker\"\n\t\t\t\t\t\t\tid=\"wpfc_preacher\"\n\t\t\t\t\t\t\tonchange=\"if(this.options[this.selectedIndex].value !== ''){return this.form.submit()}else{window.location = window.location.href.split('?')[0];}\"\n\t\t\t\t\t\t\tautocomplete=\"off\"\n\t\t\t\t\t\t>\n\t\t\t\t\t\t<option value=\"\">Speaker<\/option>\n\t\t\t\t\t\t<option value=\"pastor-john\" >Pastor John<\/option>\t\t\t\t\t<\/select>\n\t\t\t\t\t\t\t\t\t\t\t\t\t\t\t\t\t\t\t\t\t\t\t\t\t<noscript>\n\t\t\t\t\t\t<div><input type=\"submit\" value=\"Submit\"\/><\/div>\n\t\t\t\t\t<\/noscript>\n\t\t\t\t<\/form>\n\t\t\t<\/div>\n\t\t\t\t\t\t\t\t\t\t\t\t\t\t\t\t\t\t\t\t\t\t\t\t\t\t\t\t<\/div>\n\t\t\t\t<\/div>\n\t\t\t\t","sermons_blog_filters_books":"\t\t\t\t<div class=\"sm-filtering\">\n\t\t\t\t\t<div id=\"wpfc_sermon_sorting\" class=\"no-spacing\">\n\t\t\t\t\t\t\t\t\t\t\t\t\t\t\t\t\t\t\n\t\t\t\t\t<div class=\"sortBooks\" style=\"display: inline-block\">\n\t\t\t\t<form action=\"https:\/\/evangelismoutreachministries.com\/es\/wp-json\/wp\/v2\/pages\/17035\/\" method=\"get\">\n\t\t\t\t\t<select name=\"wpfc_bible_book\"\n\t\t\t\t\t\t\ttitle=\"Book\"\n\t\t\t\t\t\t\tid=\"wpfc_bible_book\"\n\t\t\t\t\t\t\tonchange=\"if(this.options[this.selectedIndex].value !== ''){return this.form.submit()}else{window.location = window.location.href.split('?')[0];}\"\n\t\t\t\t\t\t\tautocomplete=\"off\"\n\t\t\t\t\t\t>\n\t\t\t\t\t\t<option value=\"\">Book<\/option>\n\t\t\t\t\t\t<option value=\"psalms\" >Psalms<\/option><option value=\"genesis\" >Genesis<\/option><option value=\"exodus\" >Exodus<\/option><option value=\"leviticus\" >Leviticus<\/option><option value=\"numbers\" >Numbers<\/option><option value=\"deuteronomy\" >Deuteronomy<\/option><option value=\"joshua\" >Joshua<\/option><option value=\"judges\" >Judges<\/option><option value=\"ruth\" >Ruth<\/option><option value=\"1-samuel\" >1 Samuel<\/option><option value=\"2-samuel\" >2 Samuel<\/option><option value=\"1-kings\" >1 Kings<\/option><option value=\"2-kings\" >2 Kings<\/option><option value=\"1-chronicles\" >1 Chronicles<\/option><option value=\"2-chronicles\" >2 Chronicles<\/option><option value=\"ezra\" >Ezra<\/option><option value=\"nehemiah\" >Nehemiah<\/option><option value=\"esther\" >Esther<\/option><option value=\"job\" >Job<\/option><option value=\"proverbs\" >Proverbs<\/option><option value=\"ecclesiastes\" >Ecclesiastes<\/option><option value=\"song-of-solomon\" >Song of Solomon<\/option><option value=\"isaiah\" >Isaiah<\/option><option value=\"jeremiah\" >Jeremiah<\/option><option value=\"lamentations\" >Lamentations<\/option><option value=\"daniel\" >Daniel<\/option><option value=\"ezekiel\" >Ezekiel<\/option><option value=\"hosea\" >Hosea<\/option><option value=\"joel\" >Joel<\/option><option value=\"amos\" >Amos<\/option><option value=\"obadiah\" >Obadiah<\/option><option value=\"jonah\" >Jonah<\/option><option value=\"micah\" >Micah<\/option><option value=\"nahum\" >Nahum<\/option><option value=\"habakkuk\" >Habakkuk<\/option><option value=\"zephaniah\" >Zephaniah<\/option><option value=\"haggai\" >Haggai<\/option><option value=\"zechariah\" >Zechariah<\/option><option value=\"malachi\" >Malachi<\/option><option value=\"matthew\" >Matthew<\/option><option value=\"mark\" >Mark<\/option><option value=\"luke\" >Luke<\/option><option value=\"john\" >John<\/option><option value=\"acts\" >Acts<\/option><option value=\"romans\" >Romans<\/option><option value=\"1-corinthians\" >1 Corinthians<\/option><option value=\"2-corinthians\" >2 Corinthians<\/option><option value=\"galatians\" >Galatians<\/option><option value=\"ephesians\" >Ephesians<\/option><option value=\"philippians\" >Philippians<\/option><option value=\"colossians\" >Colossians<\/option><option value=\"1-thessalonians\" >1 Thessalonians<\/option><option value=\"2-thessalonians\" >2 Thessalonians<\/option><option value=\"1-timothy\" >1 Timothy<\/option><option value=\"2-timothy\" >2 Timothy<\/option><option value=\"titus\" >Titus<\/option><option value=\"philemon\" >Philemon<\/option><option value=\"hebrews\" >Hebrews<\/option><option value=\"james\" >James<\/option><option value=\"1-peter\" >1 Peter<\/option><option value=\"2-peter\" >2 Peter<\/option><option value=\"1-john\" >1 John<\/option><option value=\"2-john\" >2 John<\/option><option value=\"3-john\" >3 John<\/option><option value=\"jude\" >Jude<\/option><option value=\"revelation\" >Revelation<\/option>\t\t\t\t\t<\/select>\n\t\t\t\t\t\t\t\t\t\t\t\t\t\t\t\t\t\t\t\t\t\t\t\t\t<noscript>\n\t\t\t\t\t\t<div><input type=\"submit\" value=\"Submit\"\/><\/div>\n\t\t\t\t\t<\/noscript>\n\t\t\t\t<\/form>\n\t\t\t<\/div>\n\t\t\t\t\t\t\t\t\t\t\t\t\t<\/div>\n\t\t\t\t<\/div>\n\t\t\t\t","sermons_blog_filters_service_types":"\t\t\t\t<div class=\"sm-filtering\">\n\t\t\t\t\t<div id=\"wpfc_sermon_sorting\" class=\"no-spacing\">\n\t\t\t\t\t\t\t\t\t\t\t\t\t\t\t\t\t\t\t\t\t\t\t\n\t\t\t\t\t<div class=\"sortServiceTypes\" style=\"display: inline-block\">\n\t\t\t\t<form action=\"https:\/\/evangelismoutreachministries.com\/es\/wp-json\/wp\/v2\/pages\/17035\/\" method=\"get\">\n\t\t\t\t\t<select name=\"wpfc_service_type\"\n\t\t\t\t\t\t\ttitle=\"Service Type\"\n\t\t\t\t\t\t\tid=\"wpfc_service_type\"\n\t\t\t\t\t\t\tonchange=\"if(this.options[this.selectedIndex].value !== ''){return this.form.submit()}else{window.location = window.location.href.split('?')[0];}\"\n\t\t\t\t\t\t\tautocomplete=\"off\"\n\t\t\t\t\t\t>\n\t\t\t\t\t\t<option value=\"\">Service Type<\/option>\n\t\t\t\t\t\t<option value=\"morning-service\" >Morning Service<\/option>\t\t\t\t\t<\/select>\n\t\t\t\t\t\t\t\t\t\t\t\t\t\t\t\t\t\t\t\t\t\t\t\t\t<noscript>\n\t\t\t\t\t\t<div><input type=\"submit\" value=\"Submit\"\/><\/div>\n\t\t\t\t\t<\/noscript>\n\t\t\t\t<\/form>\n\t\t\t<\/div>\n\t\t\t\t\t\t\t\t<\/div>\n\t\t\t\t<\/div>\n\t\t\t\t","sermons_blog_filters_dates":"\t\t\t\t<div class=\"sm-filtering\">\n\t\t\t\t\t<div id=\"wpfc_sermon_sorting\" class=\"no-spacing\">\n\t\t\t\t\t\t\t\t\t\t\t\t\t\t\t\t\t\t\t\t\t\t\t\t\t\t\t\t\n\t\t\t\t\t<div class=\"sortDates\" style=\"display: inline-block\">\n\t\t\t\t<form action=\"https:\/\/evangelismoutreachministries.com\/es\/wp-json\/wp\/v2\/pages\/17035\/\" method=\"get\">\n\t\t\t\t\t<select name=\"wpfc_dates\"\n\t\t\t\t\t\t\ttitle=\"Date\"\n\t\t\t\t\t\t\tid=\"wpfc_dates\"\n\t\t\t\t\t\t\tonchange=\"if(this.options[this.selectedIndex].value !== ''){return this.form.submit()}else{window.location = window.location.href.split('?')[0];}\"\n\t\t\t\t\t\t\tautocomplete=\"off\"\n\t\t\t\t\t\t>\n\t\t\t\t\t\t<option value=\"\">Date<\/option>\n\t\t\t\t\t\t\t\t\t\t\t<\/select>\n\t\t\t\t\t\t\t\t\t\t\t\t\t\t\t\t\t\t\t\t\t\t\t\t\t<noscript>\n\t\t\t\t\t\t<div><input type=\"submit\" value=\"Submit\"\/><\/div>\n\t\t\t\t\t<\/noscript>\n\t\t\t\t<\/form>\n\t\t\t<\/div>\n\t\t\t<\/div>\n\t\t\t\t<\/div>\n\t\t\t\t","sermons_blog_image_url":"https:\/\/evangelismoutreachministries.com\/wp-content\/uploads\/2023\/01\/IMG_20221209_224305-2.jpg","sermons_blog_video":"","sermons_blog_series":false,"sermons_blog_meta_sermon_description":"","sermons_blog_show_readmore":false,"sermons_blog_audio":false,"sermons_blog_preacher_image":"","sermons_blog_preacher":false,"sermons_blog_bible_passage":null,"sermons_blog_service_type":false,"_links":{"self":[{"href":"https:\/\/evangelismoutreachministries.com\/es\/wp-json\/wp\/v2\/pages\/17035","targetHints":{"allow":["GET"]}}],"collection":[{"href":"https:\/\/evangelismoutreachministries.com\/es\/wp-json\/wp\/v2\/pages"}],"about":[{"href":"https:\/\/evangelismoutreachministries.com\/es\/wp-json\/wp\/v2\/types\/page"}],"author":[{"embeddable":true,"href":"https:\/\/evangelismoutreachministries.com\/es\/wp-json\/wp\/v2\/users\/2"}],"replies":[{"embeddable":true,"href":"https:\/\/evangelismoutreachministries.com\/es\/wp-json\/wp\/v2\/comments?post=17035"}],"version-history":[{"count":15,"href":"https:\/\/evangelismoutreachministries.com\/es\/wp-json\/wp\/v2\/pages\/17035\/revisions"}],"predecessor-version":[{"id":21306,"href":"https:\/\/evangelismoutreachministries.com\/es\/wp-json\/wp\/v2\/pages\/17035\/revisions\/21306"}],"wp:featuredmedia":[{"embeddable":true,"href":"https:\/\/evangelismoutreachministries.com\/es\/wp-json\/wp\/v2\/media\/20827"}],"wp:attachment":[{"href":"https:\/\/evangelismoutreachministries.com\/es\/wp-json\/wp\/v2\/media?parent=17035"}],"curies":[{"name":"wp","href":"https:\/\/api.w.org\/{rel}","templated":true}]}}