{"id":17055,"date":"2021-11-26T16:38:19","date_gmt":"2021-11-26T16:38:19","guid":{"rendered":"https:\/\/bullinger.refsites.com\/?page_id=17055"},"modified":"2023-03-22T00:47:47","modified_gmt":"2023-03-22T00:47:47","slug":"contact","status":"publish","type":"page","link":"https:\/\/evangelismoutreachministries.com\/es\/contact\/","title":{"rendered":"Contacto"},"content":{"rendered":"<p><strong>\u00a1Gracias por visitar nuestro sitio! Nos encantar\u00eda tener la oportunidad de contarle m\u00e1s sobre lo que Dios est\u00e1 haciendo a trav\u00e9s de Evangelism Outreach Ministries y responder cualquier pregunta que pueda tener. Por favor ll\u00e1menos o env\u00edenos un correo electr\u00f3nico completando el siguiente formulario. \u00a1Esperamos hablar con usted pronto!<\/strong><\/p>\n\t\t\t<h5>Don Fizell<\/h5><h5>N\u00famero de tel\u00e9fono m\u00f3vil<\/h5>\t\t\t\n\t\t\t\t<p><a href=\"tel:\"><\/a><\/p>","protected":false},"excerpt":{"rendered":"<p>Thank you for visiting our site! We would love the opportunity to tell you more about what God is doing through Evangelism Outreach Ministries, and to answer any questions you may have. Please give us a call or send us an email by filling out the form below. We look forward to speaking with you [&hellip;]<\/p>","protected":false},"author":2,"featured_media":20862,"parent":0,"menu_order":0,"comment_status":"closed","ping_status":"closed","template":"","meta":{"_seopress_robots_primary_cat":"","_seopress_titles_title":"","_seopress_titles_desc":"","_seopress_robots_index":"","_seopress_analysis_target_kw":"","_uag_custom_page_level_css":"","footnotes":""},"class_list":["post-17055","page","type-page","status-publish","has-post-thumbnail","hentry"],"blocksy_meta":{"styles_descriptor":{"styles":{"desktop":"","tablet":"","mobile":""},"google_fonts":[],"version":6}},"uagb_featured_image_src":{"full":["https:\/\/evangelismoutreachministries.com\/wp-content\/uploads\/2023\/03\/zbf7qkuexmg.jpg",1600,1068,false],"thumbnail":["https:\/\/evangelismoutreachministries.com\/wp-content\/uploads\/2023\/03\/zbf7qkuexmg-350x350.jpg",350,350,true],"medium":["https:\/\/evangelismoutreachministries.com\/wp-content\/uploads\/2023\/03\/zbf7qkuexmg-600x401.jpg",600,401,true],"medium_large":["https:\/\/evangelismoutreachministries.com\/wp-content\/uploads\/2023\/03\/zbf7qkuexmg-768x513.jpg",768,513,true],"large":["https:\/\/evangelismoutreachministries.com\/wp-content\/uploads\/2023\/03\/zbf7qkuexmg-1500x1001.jpg",1290,861,true],"thumblist":["https:\/\/evangelismoutreachministries.com\/wp-content\/uploads\/2023\/03\/zbf7qkuexmg-300x300.jpg",300,300,true],"meccarouselthumb":["https:\/\/evangelismoutreachministries.com\/wp-content\/uploads\/2023\/03\/zbf7qkuexmg-474x324.jpg",474,324,true],"gridsquare":["https:\/\/evangelismoutreachministries.com\/wp-content\/uploads\/2023\/03\/zbf7qkuexmg-391x260.jpg",391,260,true],"tileview":["https:\/\/evangelismoutreachministries.com\/wp-content\/uploads\/2023\/03\/zbf7qkuexmg-300x400.jpg",300,400,true],"1536x1536":["https:\/\/evangelismoutreachministries.com\/wp-content\/uploads\/2023\/03\/zbf7qkuexmg-1536x1025.jpg",1536,1025,true],"2048x2048":["https:\/\/evangelismoutreachministries.com\/wp-content\/uploads\/2023\/03\/zbf7qkuexmg.jpg",1600,1068,false],"trp-custom-language-flag":["https:\/\/evangelismoutreachministries.com\/wp-content\/uploads\/2023\/03\/zbf7qkuexmg.jpg",18,12,false],"sermon_small":["https:\/\/evangelismoutreachministries.com\/wp-content\/uploads\/2023\/03\/zbf7qkuexmg-75x75.jpg",75,75,true],"sermon_medium":["https:\/\/evangelismoutreachministries.com\/wp-content\/uploads\/2023\/03\/zbf7qkuexmg-300x200.jpg",300,200,true],"sermon_wide":["https:\/\/evangelismoutreachministries.com\/wp-content\/uploads\/2023\/03\/zbf7qkuexmg-940x350.jpg",940,350,true],"detail":["https:\/\/evangelismoutreachministries.com\/wp-content\/uploads\/2023\/03\/zbf7qkuexmg-75x75.jpg",75,75,true]},"uagb_author_info":{"display_name":"Donald","author_link":"https:\/\/evangelismoutreachministries.com\/es\/author\/eoministries19gmail-com\/"},"uagb_comment_info":0,"uagb_excerpt":"Thank you for visiting our site! We would love the opportunity to tell you more about what God is doing through Evangelism Outreach Ministries, and to answer any questions you may have. Please give us a call or send us an email by filling out the form below. We look forward to speaking with you&hellip;","sermons_blog_filters_topics":"\t\t\t\t<div class=\"sm-filtering\">\n\t\t\t\t\t<div id=\"wpfc_sermon_sorting\" class=\"no-spacing\">\n\t\t\t\t\t\t\t\t\t\t\t\t\t\n\t\t\t\t\t<div class=\"sortTopics\" style=\"display: inline-block\">\n\t\t\t\t<form action=\"https:\/\/evangelismoutreachministries.com\/es\/wp-json\/wp\/v2\/pages\/17055\/\" method=\"get\">\n\t\t\t\t\t<select name=\"wpfc_sermon_topics\"\n\t\t\t\t\t\t\ttitle=\"Topic\"\n\t\t\t\t\t\t\tid=\"wpfc_sermon_topics\"\n\t\t\t\t\t\t\tonchange=\"if(this.options[this.selectedIndex].value !== ''){return this.form.submit()}else{window.location = window.location.href.split('?')[0];}\"\n\t\t\t\t\t\t\tautocomplete=\"off\"\n\t\t\t\t\t\t>\n\t\t\t\t\t\t<option value=\"\">Topic<\/option>\n\t\t\t\t\t\t<option value=\"types-and-shadows\" >Types and Shadows<\/option>\t\t\t\t\t<\/select>\n\t\t\t\t\t\t\t\t\t\t\t\t\t\t\t\t\t\t\t\t\t\t\t\t\t<noscript>\n\t\t\t\t\t\t<div><input type=\"submit\" value=\"Submit\"\/><\/div>\n\t\t\t\t\t<\/noscript>\n\t\t\t\t<\/form>\n\t\t\t<\/div>\n\t\t\t\t\t\t\t\t\t\t\t\t\t\t\t\t\t\t<\/div>\n\t\t\t\t<\/div>\n\t\t\t\t","sermons_blog_filters_series":"\t\t\t\t<div class=\"sm-filtering\">\n\t\t\t\t\t<div id=\"wpfc_sermon_sorting\" class=\"no-spacing\">\n\t\t\t\t\t\t\t\t\n\t\t\t\t\t<div class=\"sortSeries\" style=\"display: inline-block\">\n\t\t\t\t<form action=\"https:\/\/evangelismoutreachministries.com\/es\/wp-json\/wp\/v2\/pages\/17055\/\" method=\"get\">\n\t\t\t\t\t<select name=\"wpfc_sermon_series\"\n\t\t\t\t\t\t\ttitle=\"Series\"\n\t\t\t\t\t\t\tid=\"wpfc_sermon_series\"\n\t\t\t\t\t\t\tonchange=\"if(this.options[this.selectedIndex].value !== ''){return this.form.submit()}else{window.location = window.location.href.split('?')[0];}\"\n\t\t\t\t\t\t\tautocomplete=\"off\"\n\t\t\t\t\t\t>\n\t\t\t\t\t\t<option value=\"\">Series<\/option>\n\t\t\t\t\t\t<option value=\"christ-in-the-psalms\" >Christ in the Psalms<\/option>\t\t\t\t\t<\/select>\n\t\t\t\t\t\t\t\t\t\t\t\t\t\t\t\t\t\t\t\t\t\t\t\t\t<noscript>\n\t\t\t\t\t\t<div><input type=\"submit\" value=\"Submit\"\/><\/div>\n\t\t\t\t\t<\/noscript>\n\t\t\t\t<\/form>\n\t\t\t<\/div>\n\t\t\t\t\t\t\t\t\t\t\t\t\t\t\t\t\t\t\t\t\t\t\t<\/div>\n\t\t\t\t<\/div>\n\t\t\t\t","sermons_blog_filters_preachers":"\t\t\t\t<div class=\"sm-filtering\">\n\t\t\t\t\t<div id=\"wpfc_sermon_sorting\" class=\"no-spacing\">\n\t\t\t\n\t\t\t\t\t<div class=\"sortPreacher\" style=\"display: inline-block\">\n\t\t\t\t<form action=\"https:\/\/evangelismoutreachministries.com\/es\/wp-json\/wp\/v2\/pages\/17055\/\" method=\"get\">\n\t\t\t\t\t<select name=\"wpfc_preacher\"\n\t\t\t\t\t\t\ttitle=\"Speaker\"\n\t\t\t\t\t\t\tid=\"wpfc_preacher\"\n\t\t\t\t\t\t\tonchange=\"if(this.options[this.selectedIndex].value !== ''){return this.form.submit()}else{window.location = window.location.href.split('?')[0];}\"\n\t\t\t\t\t\t\tautocomplete=\"off\"\n\t\t\t\t\t\t>\n\t\t\t\t\t\t<option value=\"\">Speaker<\/option>\n\t\t\t\t\t\t<option value=\"pastor-john\" >Pastor John<\/option>\t\t\t\t\t<\/select>\n\t\t\t\t\t\t\t\t\t\t\t\t\t\t\t\t\t\t\t\t\t\t\t\t\t<noscript>\n\t\t\t\t\t\t<div><input type=\"submit\" value=\"Submit\"\/><\/div>\n\t\t\t\t\t<\/noscript>\n\t\t\t\t<\/form>\n\t\t\t<\/div>\n\t\t\t\t\t\t\t\t\t\t\t\t\t\t\t\t\t\t\t\t\t\t\t\t\t\t\t\t<\/div>\n\t\t\t\t<\/div>\n\t\t\t\t","sermons_blog_filters_books":"\t\t\t\t<div class=\"sm-filtering\">\n\t\t\t\t\t<div id=\"wpfc_sermon_sorting\" class=\"no-spacing\">\n\t\t\t\t\t\t\t\t\t\t\t\t\t\t\t\t\t\t\n\t\t\t\t\t<div class=\"sortBooks\" style=\"display: inline-block\">\n\t\t\t\t<form action=\"https:\/\/evangelismoutreachministries.com\/es\/wp-json\/wp\/v2\/pages\/17055\/\" method=\"get\">\n\t\t\t\t\t<select name=\"wpfc_bible_book\"\n\t\t\t\t\t\t\ttitle=\"Book\"\n\t\t\t\t\t\t\tid=\"wpfc_bible_book\"\n\t\t\t\t\t\t\tonchange=\"if(this.options[this.selectedIndex].value !== ''){return this.form.submit()}else{window.location = window.location.href.split('?')[0];}\"\n\t\t\t\t\t\t\tautocomplete=\"off\"\n\t\t\t\t\t\t>\n\t\t\t\t\t\t<option value=\"\">Book<\/option>\n\t\t\t\t\t\t<option value=\"psalms\" >Psalms<\/option><option value=\"genesis\" >Genesis<\/option><option value=\"exodus\" >Exodus<\/option><option value=\"leviticus\" >Leviticus<\/option><option value=\"numbers\" >Numbers<\/option><option value=\"deuteronomy\" >Deuteronomy<\/option><option value=\"joshua\" >Joshua<\/option><option value=\"judges\" >Judges<\/option><option value=\"ruth\" >Ruth<\/option><option value=\"1-samuel\" >1 Samuel<\/option><option value=\"2-samuel\" >2 Samuel<\/option><option value=\"1-kings\" >1 Kings<\/option><option value=\"2-kings\" >2 Kings<\/option><option value=\"1-chronicles\" >1 Chronicles<\/option><option value=\"2-chronicles\" >2 Chronicles<\/option><option value=\"ezra\" >Ezra<\/option><option value=\"nehemiah\" >Nehemiah<\/option><option value=\"esther\" >Esther<\/option><option value=\"job\" >Job<\/option><option value=\"proverbs\" >Proverbs<\/option><option value=\"ecclesiastes\" >Ecclesiastes<\/option><option value=\"song-of-solomon\" >Song of Solomon<\/option><option value=\"isaiah\" >Isaiah<\/option><option value=\"jeremiah\" >Jeremiah<\/option><option value=\"lamentations\" >Lamentations<\/option><option value=\"daniel\" >Daniel<\/option><option value=\"ezekiel\" >Ezekiel<\/option><option value=\"hosea\" >Hosea<\/option><option value=\"joel\" >Joel<\/option><option value=\"amos\" >Amos<\/option><option value=\"obadiah\" >Obadiah<\/option><option value=\"jonah\" >Jonah<\/option><option value=\"micah\" >Micah<\/option><option value=\"nahum\" >Nahum<\/option><option value=\"habakkuk\" >Habakkuk<\/option><option value=\"zephaniah\" >Zephaniah<\/option><option value=\"haggai\" >Haggai<\/option><option value=\"zechariah\" >Zechariah<\/option><option value=\"malachi\" >Malachi<\/option><option value=\"matthew\" >Matthew<\/option><option value=\"mark\" >Mark<\/option><option value=\"luke\" >Luke<\/option><option value=\"john\" >John<\/option><option value=\"acts\" >Acts<\/option><option value=\"romans\" >Romans<\/option><option value=\"1-corinthians\" >1 Corinthians<\/option><option value=\"2-corinthians\" >2 Corinthians<\/option><option value=\"galatians\" >Galatians<\/option><option value=\"ephesians\" >Ephesians<\/option><option value=\"philippians\" >Philippians<\/option><option value=\"colossians\" >Colossians<\/option><option value=\"1-thessalonians\" >1 Thessalonians<\/option><option value=\"2-thessalonians\" >2 Thessalonians<\/option><option value=\"1-timothy\" >1 Timothy<\/option><option value=\"2-timothy\" >2 Timothy<\/option><option value=\"titus\" >Titus<\/option><option value=\"philemon\" >Philemon<\/option><option value=\"hebrews\" >Hebrews<\/option><option value=\"james\" >James<\/option><option value=\"1-peter\" >1 Peter<\/option><option value=\"2-peter\" >2 Peter<\/option><option value=\"1-john\" >1 John<\/option><option value=\"2-john\" >2 John<\/option><option value=\"3-john\" >3 John<\/option><option value=\"jude\" >Jude<\/option><option value=\"revelation\" >Revelation<\/option>\t\t\t\t\t<\/select>\n\t\t\t\t\t\t\t\t\t\t\t\t\t\t\t\t\t\t\t\t\t\t\t\t\t<noscript>\n\t\t\t\t\t\t<div><input type=\"submit\" value=\"Submit\"\/><\/div>\n\t\t\t\t\t<\/noscript>\n\t\t\t\t<\/form>\n\t\t\t<\/div>\n\t\t\t\t\t\t\t\t\t\t\t\t\t<\/div>\n\t\t\t\t<\/div>\n\t\t\t\t","sermons_blog_filters_service_types":"\t\t\t\t<div class=\"sm-filtering\">\n\t\t\t\t\t<div id=\"wpfc_sermon_sorting\" class=\"no-spacing\">\n\t\t\t\t\t\t\t\t\t\t\t\t\t\t\t\t\t\t\t\t\t\t\t\n\t\t\t\t\t<div class=\"sortServiceTypes\" style=\"display: inline-block\">\n\t\t\t\t<form action=\"https:\/\/evangelismoutreachministries.com\/es\/wp-json\/wp\/v2\/pages\/17055\/\" method=\"get\">\n\t\t\t\t\t<select name=\"wpfc_service_type\"\n\t\t\t\t\t\t\ttitle=\"Service Type\"\n\t\t\t\t\t\t\tid=\"wpfc_service_type\"\n\t\t\t\t\t\t\tonchange=\"if(this.options[this.selectedIndex].value !== ''){return this.form.submit()}else{window.location = window.location.href.split('?')[0];}\"\n\t\t\t\t\t\t\tautocomplete=\"off\"\n\t\t\t\t\t\t>\n\t\t\t\t\t\t<option value=\"\">Service Type<\/option>\n\t\t\t\t\t\t<option value=\"morning-service\" >Morning Service<\/option>\t\t\t\t\t<\/select>\n\t\t\t\t\t\t\t\t\t\t\t\t\t\t\t\t\t\t\t\t\t\t\t\t\t<noscript>\n\t\t\t\t\t\t<div><input type=\"submit\" value=\"Submit\"\/><\/div>\n\t\t\t\t\t<\/noscript>\n\t\t\t\t<\/form>\n\t\t\t<\/div>\n\t\t\t\t\t\t\t\t<\/div>\n\t\t\t\t<\/div>\n\t\t\t\t","sermons_blog_filters_dates":"\t\t\t\t<div class=\"sm-filtering\">\n\t\t\t\t\t<div id=\"wpfc_sermon_sorting\" class=\"no-spacing\">\n\t\t\t\t\t\t\t\t\t\t\t\t\t\t\t\t\t\t\t\t\t\t\t\t\t\t\t\t\n\t\t\t\t\t<div class=\"sortDates\" style=\"display: inline-block\">\n\t\t\t\t<form action=\"https:\/\/evangelismoutreachministries.com\/es\/wp-json\/wp\/v2\/pages\/17055\/\" method=\"get\">\n\t\t\t\t\t<select name=\"wpfc_dates\"\n\t\t\t\t\t\t\ttitle=\"Date\"\n\t\t\t\t\t\t\tid=\"wpfc_dates\"\n\t\t\t\t\t\t\tonchange=\"if(this.options[this.selectedIndex].value !== ''){return this.form.submit()}else{window.location = window.location.href.split('?')[0];}\"\n\t\t\t\t\t\t\tautocomplete=\"off\"\n\t\t\t\t\t\t>\n\t\t\t\t\t\t<option value=\"\">Date<\/option>\n\t\t\t\t\t\t\t\t\t\t\t<\/select>\n\t\t\t\t\t\t\t\t\t\t\t\t\t\t\t\t\t\t\t\t\t\t\t\t\t<noscript>\n\t\t\t\t\t\t<div><input type=\"submit\" value=\"Submit\"\/><\/div>\n\t\t\t\t\t<\/noscript>\n\t\t\t\t<\/form>\n\t\t\t<\/div>\n\t\t\t<\/div>\n\t\t\t\t<\/div>\n\t\t\t\t","sermons_blog_image_url":"https:\/\/evangelismoutreachministries.com\/wp-content\/uploads\/2023\/03\/zbf7qkuexmg.jpg","sermons_blog_video":"","sermons_blog_series":false,"sermons_blog_meta_sermon_description":"","sermons_blog_show_readmore":false,"sermons_blog_audio":false,"sermons_blog_preacher_image":"","sermons_blog_preacher":false,"sermons_blog_bible_passage":null,"sermons_blog_service_type":false,"_links":{"self":[{"href":"https:\/\/evangelismoutreachministries.com\/es\/wp-json\/wp\/v2\/pages\/17055","targetHints":{"allow":["GET"]}}],"collection":[{"href":"https:\/\/evangelismoutreachministries.com\/es\/wp-json\/wp\/v2\/pages"}],"about":[{"href":"https:\/\/evangelismoutreachministries.com\/es\/wp-json\/wp\/v2\/types\/page"}],"author":[{"embeddable":true,"href":"https:\/\/evangelismoutreachministries.com\/es\/wp-json\/wp\/v2\/users\/2"}],"replies":[{"embeddable":true,"href":"https:\/\/evangelismoutreachministries.com\/es\/wp-json\/wp\/v2\/comments?post=17055"}],"version-history":[{"count":8,"href":"https:\/\/evangelismoutreachministries.com\/es\/wp-json\/wp\/v2\/pages\/17055\/revisions"}],"predecessor-version":[{"id":20865,"href":"https:\/\/evangelismoutreachministries.com\/es\/wp-json\/wp\/v2\/pages\/17055\/revisions\/20865"}],"wp:featuredmedia":[{"embeddable":true,"href":"https:\/\/evangelismoutreachministries.com\/es\/wp-json\/wp\/v2\/media\/20862"}],"wp:attachment":[{"href":"https:\/\/evangelismoutreachministries.com\/es\/wp-json\/wp\/v2\/media?parent=17055"}],"curies":[{"name":"wp","href":"https:\/\/api.w.org\/{rel}","templated":true}]}}