{"id":20217,"date":"2022-01-18T22:34:22","date_gmt":"2022-01-18T22:34:22","guid":{"rendered":"https:\/\/evangelismoutreachministries.com\/?page_id=20217"},"modified":"2024-05-04T01:28:43","modified_gmt":"2024-05-04T01:28:43","slug":"itinerant-preaching","status":"publish","type":"page","link":"https:\/\/evangelismoutreachministries.com\/es\/who-are-we\/itinerant-preaching\/","title":{"rendered":"Predicaci\u00f3n itinerante"},"content":{"rendered":"<p><iframe loading=\"lazy\" title=\"La naturaleza del hombre aparte de Cristo (30\/04\/23)\" width=\"1290\" height=\"726\" src=\"https:\/\/www.youtube.com\/embed\/4kNRdof-8YU?feature=oembed\" frameborder=\"0\" allow=\"accelerometer; autoplay; clipboard-write; encrypted-media; gyroscope; picture-in-picture; web-share\" referrerpolicy=\"strict-origin-when-cross-origin\" allowfullscreen><\/iframe><\/p>\n<p>Evangelism Outreach Ministries es un Ministerio del Evangelio multifac\u00e9tico ubicado en San Petersburgo, Florida. Debido a la naturaleza de la apostas\u00eda que est\u00e1 desenfrenada en los Estados Unidos, cada vez est\u00e1 m\u00e1s claro que la iglesia local necesita Ministros del Evangelio que prediquen todo el consejo de la Palabra de Dios de acuerdo con el cristianismo b\u00edblico.<\/p>\n<p>Como tal, Evangelism Outreach Ministries est\u00e1 disponible para apoyar a las iglesias locales con Ministros del Evangelio de las siguientes maneras:<\/p>\n<ul>\n<li>Predicaci\u00f3n itinerante para reemplazar a los pastores que necesitan un descanso o que necesitan apoyo de otra manera.<\/li>\n<li>Predicaci\u00f3n itinerante para la iglesia local debido a vacantes pastorales imprevistas.<\/li>\n<li>Oradores especiales dedicados a equipar a los santos para la obra del ministerio del Evangelio.<\/li>\n<li>Apoyo a la iglesia local en la evaluaci\u00f3n del funcionamiento y funci\u00f3n de la iglesia local.<\/li>\n<li>Recomendaciones de Mejores Pr\u00e1cticas sobre c\u00f3mo mejorar la operaci\u00f3n y funci\u00f3n de la iglesia local.<\/li>\n<\/ul>\n<p>Evangelism Outreach Ministries es una organizaci\u00f3n independiente y exenta de impuestos en el \u00e1rea de la Bah\u00eda de Tampa con una pasi\u00f3n por la verdad de la Palabra de Dios y un deseo de servir al Se\u00f1or Jesucristo en nuestras comunidades locales y en las iglesias b\u00edblicas en general. Todos los Ministros del Evangelio tienen trabajos de tiempo completo y son autosuficientes. Dicho esto, a menudo se incurre en gastos al proporcionar dichos servicios. No hay tarifas de orador asociadas con este servicio. Sin embargo, a menudo hay gastos de viaje y otros costos asociados que deben ser cubiertos y pagados al Ministro del Evangelio. Cualquier ofrenda especial queda a discreci\u00f3n de la iglesia local que solicita dicho servicio. Para obtener m\u00e1s detalles, comun\u00edquese con Don Fizell en eoministries19@gmail.com.<\/p>","protected":false},"excerpt":{"rendered":"<p>Evangelism Outreach Ministries is a multi-faceted Ministry of the Gospel located in Saint Petersburg, Florida. Due to the nature of the apostasy that is running rampant in the United States, it is becoming abundantly clear that the local church is in need of Ministers of the Gospel who preach the whole counsel of the Word [&hellip;]<\/p>","protected":false},"author":3,"featured_media":20823,"parent":17035,"menu_order":0,"comment_status":"closed","ping_status":"closed","template":"","meta":{"_seopress_robots_primary_cat":"","_seopress_titles_title":"","_seopress_titles_desc":"","_seopress_robots_index":"","_seopress_analysis_target_kw":"","_uag_custom_page_level_css":"","footnotes":""},"class_list":["post-20217","page","type-page","status-publish","has-post-thumbnail","hentry"],"blocksy_meta":{"styles_descriptor":{"styles":{"desktop":"","tablet":"","mobile":""},"google_fonts":[],"version":6}},"uagb_featured_image_src":{"full":["https:\/\/evangelismoutreachministries.com\/wp-content\/uploads\/2023\/01\/Duplicate-6.png",1346,458,false],"thumbnail":["https:\/\/evangelismoutreachministries.com\/wp-content\/uploads\/2023\/01\/Duplicate-6-350x350.png",350,350,true],"medium":["https:\/\/evangelismoutreachministries.com\/wp-content\/uploads\/2023\/01\/Duplicate-6-600x204.png",600,204,true],"medium_large":["https:\/\/evangelismoutreachministries.com\/wp-content\/uploads\/2023\/01\/Duplicate-6-768x261.png",768,261,true],"large":["https:\/\/evangelismoutreachministries.com\/wp-content\/uploads\/2023\/01\/Duplicate-6.png",1290,439,false],"thumblist":["https:\/\/evangelismoutreachministries.com\/wp-content\/uploads\/2023\/01\/Duplicate-6-300x300.png",300,300,true],"meccarouselthumb":["https:\/\/evangelismoutreachministries.com\/wp-content\/uploads\/2023\/01\/Duplicate-6-474x324.png",474,324,true],"gridsquare":["https:\/\/evangelismoutreachministries.com\/wp-content\/uploads\/2023\/01\/Duplicate-6-391x260.png",391,260,true],"tileview":["https:\/\/evangelismoutreachministries.com\/wp-content\/uploads\/2023\/01\/Duplicate-6-300x400.png",300,400,true],"1536x1536":["https:\/\/evangelismoutreachministries.com\/wp-content\/uploads\/2023\/01\/Duplicate-6.png",1346,458,false],"2048x2048":["https:\/\/evangelismoutreachministries.com\/wp-content\/uploads\/2023\/01\/Duplicate-6.png",1346,458,false],"trp-custom-language-flag":["https:\/\/evangelismoutreachministries.com\/wp-content\/uploads\/2023\/01\/Duplicate-6.png",18,6,false],"sermon_small":["https:\/\/evangelismoutreachministries.com\/wp-content\/uploads\/2023\/01\/Duplicate-6-75x75.png",75,75,true],"sermon_medium":["https:\/\/evangelismoutreachministries.com\/wp-content\/uploads\/2023\/01\/Duplicate-6-300x200.png",300,200,true],"sermon_wide":["https:\/\/evangelismoutreachministries.com\/wp-content\/uploads\/2023\/01\/Duplicate-6-940x350.png",940,350,true],"detail":["https:\/\/evangelismoutreachministries.com\/wp-content\/uploads\/2023\/01\/Duplicate-6-75x75.png",75,75,true]},"uagb_author_info":{"display_name":"Eric Pastorek","author_link":"https:\/\/evangelismoutreachministries.com\/es\/author\/reformedmedia\/"},"uagb_comment_info":0,"uagb_excerpt":"Evangelism Outreach Ministries is a multi-faceted Ministry of the Gospel located in Saint Petersburg, Florida. Due to the nature of the apostasy that is running rampant in the United States, it is becoming abundantly clear that the local church is in need of Ministers of the Gospel who preach the whole counsel of the Word&hellip;","sermons_blog_filters_topics":"\t\t\t\t<div class=\"sm-filtering\">\n\t\t\t\t\t<div id=\"wpfc_sermon_sorting\" class=\"no-spacing\">\n\t\t\t\t\t\t\t\t\t\t\t\t\t\n\t\t\t\t\t<div class=\"sortTopics\" style=\"display: inline-block\">\n\t\t\t\t<form action=\"https:\/\/evangelismoutreachministries.com\/es\/wp-json\/wp\/v2\/pages\/20217\/\" method=\"get\">\n\t\t\t\t\t<select name=\"wpfc_sermon_topics\"\n\t\t\t\t\t\t\ttitle=\"Topic\"\n\t\t\t\t\t\t\tid=\"wpfc_sermon_topics\"\n\t\t\t\t\t\t\tonchange=\"if(this.options[this.selectedIndex].value !== ''){return this.form.submit()}else{window.location = window.location.href.split('?')[0];}\"\n\t\t\t\t\t\t\tautocomplete=\"off\"\n\t\t\t\t\t\t>\n\t\t\t\t\t\t<option value=\"\">Topic<\/option>\n\t\t\t\t\t\t<option value=\"types-and-shadows\" >Types and Shadows<\/option>\t\t\t\t\t<\/select>\n\t\t\t\t\t\t\t\t\t\t\t\t\t\t\t\t\t\t\t\t\t\t\t\t\t<noscript>\n\t\t\t\t\t\t<div><input type=\"submit\" value=\"Submit\"\/><\/div>\n\t\t\t\t\t<\/noscript>\n\t\t\t\t<\/form>\n\t\t\t<\/div>\n\t\t\t\t\t\t\t\t\t\t\t\t\t\t\t\t\t\t<\/div>\n\t\t\t\t<\/div>\n\t\t\t\t","sermons_blog_filters_series":"\t\t\t\t<div class=\"sm-filtering\">\n\t\t\t\t\t<div id=\"wpfc_sermon_sorting\" class=\"no-spacing\">\n\t\t\t\t\t\t\t\t\n\t\t\t\t\t<div class=\"sortSeries\" style=\"display: inline-block\">\n\t\t\t\t<form action=\"https:\/\/evangelismoutreachministries.com\/es\/wp-json\/wp\/v2\/pages\/20217\/\" method=\"get\">\n\t\t\t\t\t<select name=\"wpfc_sermon_series\"\n\t\t\t\t\t\t\ttitle=\"Series\"\n\t\t\t\t\t\t\tid=\"wpfc_sermon_series\"\n\t\t\t\t\t\t\tonchange=\"if(this.options[this.selectedIndex].value !== ''){return this.form.submit()}else{window.location = window.location.href.split('?')[0];}\"\n\t\t\t\t\t\t\tautocomplete=\"off\"\n\t\t\t\t\t\t>\n\t\t\t\t\t\t<option value=\"\">Series<\/option>\n\t\t\t\t\t\t<option value=\"christ-in-the-psalms\" >Christ in the Psalms<\/option>\t\t\t\t\t<\/select>\n\t\t\t\t\t\t\t\t\t\t\t\t\t\t\t\t\t\t\t\t\t\t\t\t\t<noscript>\n\t\t\t\t\t\t<div><input type=\"submit\" value=\"Submit\"\/><\/div>\n\t\t\t\t\t<\/noscript>\n\t\t\t\t<\/form>\n\t\t\t<\/div>\n\t\t\t\t\t\t\t\t\t\t\t\t\t\t\t\t\t\t\t\t\t\t\t<\/div>\n\t\t\t\t<\/div>\n\t\t\t\t","sermons_blog_filters_preachers":"\t\t\t\t<div class=\"sm-filtering\">\n\t\t\t\t\t<div id=\"wpfc_sermon_sorting\" class=\"no-spacing\">\n\t\t\t\n\t\t\t\t\t<div class=\"sortPreacher\" style=\"display: inline-block\">\n\t\t\t\t<form action=\"https:\/\/evangelismoutreachministries.com\/es\/wp-json\/wp\/v2\/pages\/20217\/\" method=\"get\">\n\t\t\t\t\t<select name=\"wpfc_preacher\"\n\t\t\t\t\t\t\ttitle=\"Speaker\"\n\t\t\t\t\t\t\tid=\"wpfc_preacher\"\n\t\t\t\t\t\t\tonchange=\"if(this.options[this.selectedIndex].value !== ''){return this.form.submit()}else{window.location = window.location.href.split('?')[0];}\"\n\t\t\t\t\t\t\tautocomplete=\"off\"\n\t\t\t\t\t\t>\n\t\t\t\t\t\t<option value=\"\">Speaker<\/option>\n\t\t\t\t\t\t<option value=\"pastor-john\" >Pastor John<\/option>\t\t\t\t\t<\/select>\n\t\t\t\t\t\t\t\t\t\t\t\t\t\t\t\t\t\t\t\t\t\t\t\t\t<noscript>\n\t\t\t\t\t\t<div><input type=\"submit\" value=\"Submit\"\/><\/div>\n\t\t\t\t\t<\/noscript>\n\t\t\t\t<\/form>\n\t\t\t<\/div>\n\t\t\t\t\t\t\t\t\t\t\t\t\t\t\t\t\t\t\t\t\t\t\t\t\t\t\t\t<\/div>\n\t\t\t\t<\/div>\n\t\t\t\t","sermons_blog_filters_books":"\t\t\t\t<div class=\"sm-filtering\">\n\t\t\t\t\t<div id=\"wpfc_sermon_sorting\" class=\"no-spacing\">\n\t\t\t\t\t\t\t\t\t\t\t\t\t\t\t\t\t\t\n\t\t\t\t\t<div class=\"sortBooks\" style=\"display: inline-block\">\n\t\t\t\t<form action=\"https:\/\/evangelismoutreachministries.com\/es\/wp-json\/wp\/v2\/pages\/20217\/\" method=\"get\">\n\t\t\t\t\t<select name=\"wpfc_bible_book\"\n\t\t\t\t\t\t\ttitle=\"Book\"\n\t\t\t\t\t\t\tid=\"wpfc_bible_book\"\n\t\t\t\t\t\t\tonchange=\"if(this.options[this.selectedIndex].value !== ''){return this.form.submit()}else{window.location = window.location.href.split('?')[0];}\"\n\t\t\t\t\t\t\tautocomplete=\"off\"\n\t\t\t\t\t\t>\n\t\t\t\t\t\t<option value=\"\">Book<\/option>\n\t\t\t\t\t\t<option value=\"psalms\" >Psalms<\/option><option value=\"genesis\" >Genesis<\/option><option value=\"exodus\" >Exodus<\/option><option value=\"leviticus\" >Leviticus<\/option><option value=\"numbers\" >Numbers<\/option><option value=\"deuteronomy\" >Deuteronomy<\/option><option value=\"joshua\" >Joshua<\/option><option value=\"judges\" >Judges<\/option><option value=\"ruth\" >Ruth<\/option><option value=\"1-samuel\" >1 Samuel<\/option><option value=\"2-samuel\" >2 Samuel<\/option><option value=\"1-kings\" >1 Kings<\/option><option value=\"2-kings\" >2 Kings<\/option><option value=\"1-chronicles\" >1 Chronicles<\/option><option value=\"2-chronicles\" >2 Chronicles<\/option><option value=\"ezra\" >Ezra<\/option><option value=\"nehemiah\" >Nehemiah<\/option><option value=\"esther\" >Esther<\/option><option value=\"job\" >Job<\/option><option value=\"proverbs\" >Proverbs<\/option><option value=\"ecclesiastes\" >Ecclesiastes<\/option><option value=\"song-of-solomon\" >Song of Solomon<\/option><option value=\"isaiah\" >Isaiah<\/option><option value=\"jeremiah\" >Jeremiah<\/option><option value=\"lamentations\" >Lamentations<\/option><option value=\"daniel\" >Daniel<\/option><option value=\"ezekiel\" >Ezekiel<\/option><option value=\"hosea\" >Hosea<\/option><option value=\"joel\" >Joel<\/option><option value=\"amos\" >Amos<\/option><option value=\"obadiah\" >Obadiah<\/option><option value=\"jonah\" >Jonah<\/option><option value=\"micah\" >Micah<\/option><option value=\"nahum\" >Nahum<\/option><option value=\"habakkuk\" >Habakkuk<\/option><option value=\"zephaniah\" >Zephaniah<\/option><option value=\"haggai\" >Haggai<\/option><option value=\"zechariah\" >Zechariah<\/option><option value=\"malachi\" >Malachi<\/option><option value=\"matthew\" >Matthew<\/option><option value=\"mark\" >Mark<\/option><option value=\"luke\" >Luke<\/option><option value=\"john\" >John<\/option><option value=\"acts\" >Acts<\/option><option value=\"romans\" >Romans<\/option><option value=\"1-corinthians\" >1 Corinthians<\/option><option value=\"2-corinthians\" >2 Corinthians<\/option><option value=\"galatians\" >Galatians<\/option><option value=\"ephesians\" >Ephesians<\/option><option value=\"philippians\" >Philippians<\/option><option value=\"colossians\" >Colossians<\/option><option value=\"1-thessalonians\" >1 Thessalonians<\/option><option value=\"2-thessalonians\" >2 Thessalonians<\/option><option value=\"1-timothy\" >1 Timothy<\/option><option value=\"2-timothy\" >2 Timothy<\/option><option value=\"titus\" >Titus<\/option><option value=\"philemon\" >Philemon<\/option><option value=\"hebrews\" >Hebrews<\/option><option value=\"james\" >James<\/option><option value=\"1-peter\" >1 Peter<\/option><option value=\"2-peter\" >2 Peter<\/option><option value=\"1-john\" >1 John<\/option><option value=\"2-john\" >2 John<\/option><option value=\"3-john\" >3 John<\/option><option value=\"jude\" >Jude<\/option><option value=\"revelation\" >Revelation<\/option>\t\t\t\t\t<\/select>\n\t\t\t\t\t\t\t\t\t\t\t\t\t\t\t\t\t\t\t\t\t\t\t\t\t<noscript>\n\t\t\t\t\t\t<div><input type=\"submit\" value=\"Submit\"\/><\/div>\n\t\t\t\t\t<\/noscript>\n\t\t\t\t<\/form>\n\t\t\t<\/div>\n\t\t\t\t\t\t\t\t\t\t\t\t\t<\/div>\n\t\t\t\t<\/div>\n\t\t\t\t","sermons_blog_filters_service_types":"\t\t\t\t<div class=\"sm-filtering\">\n\t\t\t\t\t<div id=\"wpfc_sermon_sorting\" class=\"no-spacing\">\n\t\t\t\t\t\t\t\t\t\t\t\t\t\t\t\t\t\t\t\t\t\t\t\n\t\t\t\t\t<div class=\"sortServiceTypes\" style=\"display: inline-block\">\n\t\t\t\t<form action=\"https:\/\/evangelismoutreachministries.com\/es\/wp-json\/wp\/v2\/pages\/20217\/\" method=\"get\">\n\t\t\t\t\t<select name=\"wpfc_service_type\"\n\t\t\t\t\t\t\ttitle=\"Service Type\"\n\t\t\t\t\t\t\tid=\"wpfc_service_type\"\n\t\t\t\t\t\t\tonchange=\"if(this.options[this.selectedIndex].value !== ''){return this.form.submit()}else{window.location = window.location.href.split('?')[0];}\"\n\t\t\t\t\t\t\tautocomplete=\"off\"\n\t\t\t\t\t\t>\n\t\t\t\t\t\t<option value=\"\">Service Type<\/option>\n\t\t\t\t\t\t<option value=\"morning-service\" >Morning Service<\/option>\t\t\t\t\t<\/select>\n\t\t\t\t\t\t\t\t\t\t\t\t\t\t\t\t\t\t\t\t\t\t\t\t\t<noscript>\n\t\t\t\t\t\t<div><input type=\"submit\" value=\"Submit\"\/><\/div>\n\t\t\t\t\t<\/noscript>\n\t\t\t\t<\/form>\n\t\t\t<\/div>\n\t\t\t\t\t\t\t\t<\/div>\n\t\t\t\t<\/div>\n\t\t\t\t","sermons_blog_filters_dates":"\t\t\t\t<div class=\"sm-filtering\">\n\t\t\t\t\t<div id=\"wpfc_sermon_sorting\" class=\"no-spacing\">\n\t\t\t\t\t\t\t\t\t\t\t\t\t\t\t\t\t\t\t\t\t\t\t\t\t\t\t\t\n\t\t\t\t\t<div class=\"sortDates\" style=\"display: inline-block\">\n\t\t\t\t<form action=\"https:\/\/evangelismoutreachministries.com\/es\/wp-json\/wp\/v2\/pages\/20217\/\" method=\"get\">\n\t\t\t\t\t<select name=\"wpfc_dates\"\n\t\t\t\t\t\t\ttitle=\"Date\"\n\t\t\t\t\t\t\tid=\"wpfc_dates\"\n\t\t\t\t\t\t\tonchange=\"if(this.options[this.selectedIndex].value !== ''){return this.form.submit()}else{window.location = window.location.href.split('?')[0];}\"\n\t\t\t\t\t\t\tautocomplete=\"off\"\n\t\t\t\t\t\t>\n\t\t\t\t\t\t<option value=\"\">Date<\/option>\n\t\t\t\t\t\t\t\t\t\t\t<\/select>\n\t\t\t\t\t\t\t\t\t\t\t\t\t\t\t\t\t\t\t\t\t\t\t\t\t<noscript>\n\t\t\t\t\t\t<div><input type=\"submit\" value=\"Submit\"\/><\/div>\n\t\t\t\t\t<\/noscript>\n\t\t\t\t<\/form>\n\t\t\t<\/div>\n\t\t\t<\/div>\n\t\t\t\t<\/div>\n\t\t\t\t","sermons_blog_image_url":"https:\/\/evangelismoutreachministries.com\/wp-content\/uploads\/2023\/01\/Duplicate-6.png","sermons_blog_video":"","sermons_blog_series":false,"sermons_blog_meta_sermon_description":"","sermons_blog_show_readmore":false,"sermons_blog_audio":false,"sermons_blog_preacher_image":"","sermons_blog_preacher":false,"sermons_blog_bible_passage":null,"sermons_blog_service_type":false,"_links":{"self":[{"href":"https:\/\/evangelismoutreachministries.com\/es\/wp-json\/wp\/v2\/pages\/20217","targetHints":{"allow":["GET"]}}],"collection":[{"href":"https:\/\/evangelismoutreachministries.com\/es\/wp-json\/wp\/v2\/pages"}],"about":[{"href":"https:\/\/evangelismoutreachministries.com\/es\/wp-json\/wp\/v2\/types\/page"}],"author":[{"embeddable":true,"href":"https:\/\/evangelismoutreachministries.com\/es\/wp-json\/wp\/v2\/users\/3"}],"replies":[{"embeddable":true,"href":"https:\/\/evangelismoutreachministries.com\/es\/wp-json\/wp\/v2\/comments?post=20217"}],"version-history":[{"count":6,"href":"https:\/\/evangelismoutreachministries.com\/es\/wp-json\/wp\/v2\/pages\/20217\/revisions"}],"predecessor-version":[{"id":21364,"href":"https:\/\/evangelismoutreachministries.com\/es\/wp-json\/wp\/v2\/pages\/20217\/revisions\/21364"}],"up":[{"embeddable":true,"href":"https:\/\/evangelismoutreachministries.com\/es\/wp-json\/wp\/v2\/pages\/17035"}],"wp:featuredmedia":[{"embeddable":true,"href":"https:\/\/evangelismoutreachministries.com\/es\/wp-json\/wp\/v2\/media\/20823"}],"wp:attachment":[{"href":"https:\/\/evangelismoutreachministries.com\/es\/wp-json\/wp\/v2\/media?parent=20217"}],"curies":[{"name":"wp","href":"https:\/\/api.w.org\/{rel}","templated":true}]}}