{"id":20225,"date":"2022-01-19T05:46:44","date_gmt":"2022-01-19T05:46:44","guid":{"rendered":"https:\/\/evangelismoutreachministries.com\/?page_id=20225"},"modified":"2023-11-13T01:48:48","modified_gmt":"2023-11-13T01:48:48","slug":"community-outreach","status":"publish","type":"page","link":"https:\/\/evangelismoutreachministries.com\/es\/community-outreach\/","title":{"rendered":"Alcance comunitario"},"content":{"rendered":"<p>Evangelism Outreach Ministries se dedica a difundir el Evangelio del Se\u00f1or Jesucristo en el \u00e1rea de Tampa Bay y m\u00e1s all\u00e1. Nuestras actividades semanales abarcan un amplio espectro de esfuerzos de divulgaci\u00f3n, que incluyen:<\/p>\n<ul>\n<li>Proclamaci\u00f3n del Evangelio al aire libre: Suplicamos fervientemente a personas de todos los \u00e1mbitos de la vida que se arrepientan de sus pecados y crean en el Se\u00f1or Jesucristo (Hechos 17:30, Romanos 10:9-10).<\/li>\n<li>Evangelismo con letreros: Nuestros letreros distintivos transmiten mensajes centrados en el Evangelio y las Escrituras para llegar no solo a los peatones sino tambi\u00e9n a los transe\u00fantes en veh\u00edculos.<\/li>\n<li>Distribution of Bibles, Gospel tracts, and literature that explains the Gospel and humanity&#8217;s need for salvation.<\/li>\n<li>Conversaciones personalizadas del Evangelio: nuestro equipo participa en debates individuales en los que ense\u00f1amos a las personas la Palabra del Se\u00f1or y brindamos consejo y oraci\u00f3n a los necesitados.<\/li>\n<li>Compassionate Ministry: We serve the underprivileged, the ailing, and those ensnared by addiction, demonstrating Christ&#8217;s love through our actions.<\/li>\n<li>Abortion Clinic Outreach: We boldly proclaim the Gospel while advocating for the lives of the unborn, urging parents to reconsider the grave decision of ending their unborn child&#8217;s life.<\/li>\n<li>Reuniones de Discipulado: Nuestro ministerio fomenta el crecimiento espiritual entre los creyentes ense\u00f1\u00e1ndoles c\u00f3mo estudiar las Escrituras y equip\u00e1ndolos para vivir p\u00fablicamente su fe como ministros del Evangelio.<\/li>\n<li>Ministerio de Casas de Retiro: Extendemos los servicios religiosos a personas en sus a\u00f1os dorados que no pueden asistir a una congregaci\u00f3n local. Esto incluye transmitir el mensaje del Evangelio, reuniones de oraci\u00f3n corporativas e individuales, y animarlos a caminar con el Se\u00f1or Jes\u00fas y confiar en \u00c9l en todos los aspectos de la vida.<\/li>\n<\/ul>\n<p>Adem\u00e1s de nuestros esfuerzos locales, Evangelism Outreach Ministries se compromete a apoyar otros ministerios cristianos, tanto dentro como fuera de nuestra comunidad, mientras nos esforzamos por difundir el mensaje del evangelio por todas partes.<\/p>\n\t\t\t\t\t<a href=\"https:\/\/www.youtube.com\/watch?v=PGC3HJn-4qQ\" aria-label=\"galeria-de-videos-uabb\" data-fancybox=\"uabb-video-gallery\" data-url=\"https:\/\/www.youtube.com\/embed\/PGC3HJn-4qQ?autoplay=1&#038;version=3&#038;enablejsapi=1\"class=\"uabb-video-gallery-fancybox uabb-vg__play_full\">\t\t\t\t\t\t\n\t\t\t\t\t<\/a>\t\t\t\t\n\t<p>En esta noche de ministerio en el muelle de San Petersburgo, pasamos un tiempo maravilloso predicando el Evangelio, ministrando a personas necesitadas y conociendo a otros cristianos. Casi todas las actividades de divulgaci\u00f3n traen consigo muchos interlocutores. Pero eso va con el territorio. Nuestro enfoque en el ministerio es Cristo y \u00c9l Crucificado. Y con eso, es nuestra esperanza y oraci\u00f3n que todos los hombres en todas partes se arrepientan de sus pecados y pongan su fe y confianza en Jesucristo el Se\u00f1or.<\/p>\n<p>In this latest video that was first recorded on Wednesday, January 27, 2021, we came across an individual that thought he&#8217;d try to shut down the ministry of the Gospel with his bullhorn. He soon found that the community came to the defense of the ministers of the Gospel, and he was told &#8220;Bullhorn Boy Go Home.&#8221; A very nice, young lady who is a security guard attempted to quell the violence that the fellow displayed to us. At one point he ask us why we were out there, to which we replied that we love him enough to share Christ with him. He told us in return that he hates us. Later he was told that he is hurting our ears, to which he replied, good.<\/p>\n<p>What this clearly showed us is the state of those people who are dead in trespasses and sins who need to be saved, Biblically born again by the Spirit of the Living God. We hold no animosity toward him, but we do hope that he gets right with God. He needs Jesus! This night is an example of why we record our outreaches. The whole interaction was caught on tape. The police viewed this as a First Amendment matter, and it is. But the heckler went well beyond First Amendment activities when he actively sought to assault the preacher of righteousness. May the Lord God open the eyes and ears of those people who don&#8217;t know Him.<\/p>\n<p>Despu\u00e9s de que la polic\u00eda de San Petersburgo concluy\u00f3 su investigaci\u00f3n, empez\u00f3 a llover. Quer\u00edamos predicar el Evangelio hasta bien entrada la noche, ya que eran poco m\u00e1s de las 8:00 pm, pero el Se\u00f1or Dios ten\u00eda otros planes para nosotros. Mientras sal\u00edamos del \u00e1rea regocij\u00e1ndonos en el Se\u00f1or por su cuidado providencial hacia nosotros al enviarnos \u00e1ngeles de protecci\u00f3n y defensa, comenzamos a alejarnos. Y fue entonces cuando encontramos a un hombre tirado en la carretera. Nos detuvimos, lo levantamos del camino y lo colocamos en el banco en la acera para evitar que se lastimara. Luego nos dijo que necesitaba atenci\u00f3n m\u00e9dica y nos pidi\u00f3 que llam\u00e1ramos al 911. Pronto llegaron los param\u00e9dicos y prestaron ayuda al hombre que claramente estaba loco.<\/p>\n<p>La misi\u00f3n de esa noche es una noche para recordar. Y nos regocijamos en el Se\u00f1or Dios y en lo que \u00c9l ha hecho y contin\u00faa haciendo. Nuestra esperanza y oraci\u00f3n es que haya un avivamiento maravilloso en la ciudad de San Petersburgo a tal grado que las almas se salven, la gente lea la Palabra de Dios y viva para el Rey Jes\u00fas.<\/p>\n\t\t\t\t\t<a href=\"https:\/\/www.youtube.com\/watch?v=KOzMK5Q4vPs\" aria-label=\"galeria-de-videos-uabb\" data-fancybox=\"uabb-video-gallery\" data-url=\"https:\/\/www.youtube.com\/embed\/KOzMK5Q4vPs?autoplay=1&#038;version=3&#038;enablejsapi=1\"class=\"uabb-video-gallery-fancybox uabb-vg__play_full\">\t\t\t\t\t\t\n\t\t\t\t\t<\/a>\t\t\t\t\n\t\t\t\t\t<a href=\"https:\/\/www.youtube.com\/watch?v=l4sULa0XLoU\" aria-label=\"galeria-de-videos-uabb\" data-fancybox=\"uabb-video-gallery\" data-url=\"https:\/\/www.youtube.com\/embed\/l4sULa0XLoU?autoplay=1&#038;version=3&#038;enablejsapi=1\"class=\"uabb-video-gallery-fancybox uabb-vg__play_full\">\t\t\t\t\t\t\n\t\t\t\t\t<\/a>\t\t\t\t\n\t\t\t\t\t<a href=\"https:\/\/www.youtube.com\/watch?v=dI7JeR5rhqo\" aria-label=\"galeria-de-videos-uabb\" data-fancybox=\"uabb-video-gallery\" data-url=\"https:\/\/www.youtube.com\/embed\/dI7JeR5rhqo?autoplay=1&#038;version=3&#038;enablejsapi=1\"class=\"uabb-video-gallery-fancybox uabb-vg__play_full\">\t\t\t\t\t\t\n\t\t\t\t\t<\/a>\t\t\t\t\n\t\t\t\t\t<a href=\"https:\/\/www.youtube.com\/watch?v=tKg8w_KoLug\" aria-label=\"galeria-de-videos-uabb\" data-fancybox=\"uabb-video-gallery\" data-url=\"https:\/\/www.youtube.com\/embed\/tKg8w_KoLug?autoplay=1&#038;version=3&#038;enablejsapi=1\"class=\"uabb-video-gallery-fancybox uabb-vg__play_full\">\t\t\t\t\t\t\n\t\t\t\t\t<\/a>","protected":false},"excerpt":{"rendered":"<p>Evangelism Outreach Ministries is dedicated to spreading the Gospel of the Lord Jesus Christ in the Tampa Bay area and beyond. Our weekly activities encompass a broad spectrum of outreach efforts, including: Open Air Proclamation of the Gospel: We fervently plead with people from all walks of life to repent of their sins and believe [&hellip;]<\/p>","protected":false},"author":3,"featured_media":20176,"parent":0,"menu_order":0,"comment_status":"closed","ping_status":"closed","template":"","meta":{"_seopress_robots_primary_cat":"","_seopress_titles_title":"","_seopress_titles_desc":"","_seopress_robots_index":"","_seopress_analysis_target_kw":"","_uag_custom_page_level_css":"","footnotes":""},"class_list":["post-20225","page","type-page","status-publish","has-post-thumbnail","hentry"],"blocksy_meta":{"styles_descriptor":{"styles":{"desktop":"","tablet":"","mobile":""},"google_fonts":[],"version":6}},"uagb_featured_image_src":{"full":["https:\/\/evangelismoutreachministries.com\/wp-content\/uploads\/2022\/01\/preaching-street-1.jpg",1600,1200,false],"thumbnail":["https:\/\/evangelismoutreachministries.com\/wp-content\/uploads\/2022\/01\/preaching-street-1-350x350.jpg",350,350,true],"medium":["https:\/\/evangelismoutreachministries.com\/wp-content\/uploads\/2022\/01\/preaching-street-1-600x450.jpg",600,450,true],"medium_large":["https:\/\/evangelismoutreachministries.com\/wp-content\/uploads\/2022\/01\/preaching-street-1-768x576.jpg",768,576,true],"large":["https:\/\/evangelismoutreachministries.com\/wp-content\/uploads\/2022\/01\/preaching-street-1-1500x1125.jpg",1290,968,true],"thumblist":["https:\/\/evangelismoutreachministries.com\/wp-content\/uploads\/2022\/01\/preaching-street-1-300x300.jpg",300,300,true],"meccarouselthumb":["https:\/\/evangelismoutreachministries.com\/wp-content\/uploads\/2022\/01\/preaching-street-1-474x324.jpg",474,324,true],"gridsquare":["https:\/\/evangelismoutreachministries.com\/wp-content\/uploads\/2022\/01\/preaching-street-1-391x260.jpg",391,260,true],"tileview":["https:\/\/evangelismoutreachministries.com\/wp-content\/uploads\/2022\/01\/preaching-street-1-300x400.jpg",300,400,true],"1536x1536":["https:\/\/evangelismoutreachministries.com\/wp-content\/uploads\/2022\/01\/preaching-street-1-1536x1152.jpg",1536,1152,true],"2048x2048":["https:\/\/evangelismoutreachministries.com\/wp-content\/uploads\/2022\/01\/preaching-street-1.jpg",1600,1200,false],"trp-custom-language-flag":["https:\/\/evangelismoutreachministries.com\/wp-content\/uploads\/2022\/01\/preaching-street-1.jpg",16,12,false],"sermon_small":["https:\/\/evangelismoutreachministries.com\/wp-content\/uploads\/2022\/01\/preaching-street-1-75x75.jpg",75,75,true],"sermon_medium":["https:\/\/evangelismoutreachministries.com\/wp-content\/uploads\/2022\/01\/preaching-street-1-300x200.jpg",300,200,true],"sermon_wide":["https:\/\/evangelismoutreachministries.com\/wp-content\/uploads\/2022\/01\/preaching-street-1-940x350.jpg",940,350,true],"detail":["https:\/\/evangelismoutreachministries.com\/wp-content\/uploads\/2022\/01\/preaching-street-1-75x75.jpg",75,75,true]},"uagb_author_info":{"display_name":"Eric Pastorek","author_link":"https:\/\/evangelismoutreachministries.com\/es\/author\/reformedmedia\/"},"uagb_comment_info":0,"uagb_excerpt":"Evangelism Outreach Ministries is dedicated to spreading the Gospel of the Lord Jesus Christ in the Tampa Bay area and beyond. Our weekly activities encompass a broad spectrum of outreach efforts, including: Open Air Proclamation of the Gospel: We fervently plead with people from all walks of life to repent of their sins and believe&hellip;","sermons_blog_filters_topics":"\t\t\t\t<div class=\"sm-filtering\">\n\t\t\t\t\t<div id=\"wpfc_sermon_sorting\" class=\"no-spacing\">\n\t\t\t\t\t\t\t\t\t\t\t\t\t\n\t\t\t\t\t<div class=\"sortTopics\" style=\"display: inline-block\">\n\t\t\t\t<form action=\"https:\/\/evangelismoutreachministries.com\/es\/wp-json\/wp\/v2\/pages\/20225\/\" method=\"get\">\n\t\t\t\t\t<select name=\"wpfc_sermon_topics\"\n\t\t\t\t\t\t\ttitle=\"Topic\"\n\t\t\t\t\t\t\tid=\"wpfc_sermon_topics\"\n\t\t\t\t\t\t\tonchange=\"if(this.options[this.selectedIndex].value !== ''){return this.form.submit()}else{window.location = window.location.href.split('?')[0];}\"\n\t\t\t\t\t\t\tautocomplete=\"off\"\n\t\t\t\t\t\t>\n\t\t\t\t\t\t<option value=\"\">Topic<\/option>\n\t\t\t\t\t\t<option value=\"types-and-shadows\" >Types and Shadows<\/option>\t\t\t\t\t<\/select>\n\t\t\t\t\t\t\t\t\t\t\t\t\t\t\t\t\t\t\t\t\t\t\t\t\t<noscript>\n\t\t\t\t\t\t<div><input type=\"submit\" value=\"Submit\"\/><\/div>\n\t\t\t\t\t<\/noscript>\n\t\t\t\t<\/form>\n\t\t\t<\/div>\n\t\t\t\t\t\t\t\t\t\t\t\t\t\t\t\t\t\t<\/div>\n\t\t\t\t<\/div>\n\t\t\t\t","sermons_blog_filters_series":"\t\t\t\t<div class=\"sm-filtering\">\n\t\t\t\t\t<div id=\"wpfc_sermon_sorting\" class=\"no-spacing\">\n\t\t\t\t\t\t\t\t\n\t\t\t\t\t<div class=\"sortSeries\" style=\"display: inline-block\">\n\t\t\t\t<form action=\"https:\/\/evangelismoutreachministries.com\/es\/wp-json\/wp\/v2\/pages\/20225\/\" method=\"get\">\n\t\t\t\t\t<select name=\"wpfc_sermon_series\"\n\t\t\t\t\t\t\ttitle=\"Series\"\n\t\t\t\t\t\t\tid=\"wpfc_sermon_series\"\n\t\t\t\t\t\t\tonchange=\"if(this.options[this.selectedIndex].value !== ''){return this.form.submit()}else{window.location = window.location.href.split('?')[0];}\"\n\t\t\t\t\t\t\tautocomplete=\"off\"\n\t\t\t\t\t\t>\n\t\t\t\t\t\t<option value=\"\">Series<\/option>\n\t\t\t\t\t\t<option value=\"christ-in-the-psalms\" >Christ in the Psalms<\/option>\t\t\t\t\t<\/select>\n\t\t\t\t\t\t\t\t\t\t\t\t\t\t\t\t\t\t\t\t\t\t\t\t\t<noscript>\n\t\t\t\t\t\t<div><input type=\"submit\" value=\"Submit\"\/><\/div>\n\t\t\t\t\t<\/noscript>\n\t\t\t\t<\/form>\n\t\t\t<\/div>\n\t\t\t\t\t\t\t\t\t\t\t\t\t\t\t\t\t\t\t\t\t\t\t<\/div>\n\t\t\t\t<\/div>\n\t\t\t\t","sermons_blog_filters_preachers":"\t\t\t\t<div class=\"sm-filtering\">\n\t\t\t\t\t<div id=\"wpfc_sermon_sorting\" class=\"no-spacing\">\n\t\t\t\n\t\t\t\t\t<div class=\"sortPreacher\" style=\"display: inline-block\">\n\t\t\t\t<form action=\"https:\/\/evangelismoutreachministries.com\/es\/wp-json\/wp\/v2\/pages\/20225\/\" method=\"get\">\n\t\t\t\t\t<select name=\"wpfc_preacher\"\n\t\t\t\t\t\t\ttitle=\"Speaker\"\n\t\t\t\t\t\t\tid=\"wpfc_preacher\"\n\t\t\t\t\t\t\tonchange=\"if(this.options[this.selectedIndex].value !== ''){return this.form.submit()}else{window.location = window.location.href.split('?')[0];}\"\n\t\t\t\t\t\t\tautocomplete=\"off\"\n\t\t\t\t\t\t>\n\t\t\t\t\t\t<option value=\"\">Speaker<\/option>\n\t\t\t\t\t\t<option value=\"pastor-john\" >Pastor John<\/option>\t\t\t\t\t<\/select>\n\t\t\t\t\t\t\t\t\t\t\t\t\t\t\t\t\t\t\t\t\t\t\t\t\t<noscript>\n\t\t\t\t\t\t<div><input type=\"submit\" value=\"Submit\"\/><\/div>\n\t\t\t\t\t<\/noscript>\n\t\t\t\t<\/form>\n\t\t\t<\/div>\n\t\t\t\t\t\t\t\t\t\t\t\t\t\t\t\t\t\t\t\t\t\t\t\t\t\t\t\t<\/div>\n\t\t\t\t<\/div>\n\t\t\t\t","sermons_blog_filters_books":"\t\t\t\t<div class=\"sm-filtering\">\n\t\t\t\t\t<div id=\"wpfc_sermon_sorting\" class=\"no-spacing\">\n\t\t\t\t\t\t\t\t\t\t\t\t\t\t\t\t\t\t\n\t\t\t\t\t<div class=\"sortBooks\" style=\"display: inline-block\">\n\t\t\t\t<form action=\"https:\/\/evangelismoutreachministries.com\/es\/wp-json\/wp\/v2\/pages\/20225\/\" method=\"get\">\n\t\t\t\t\t<select name=\"wpfc_bible_book\"\n\t\t\t\t\t\t\ttitle=\"Book\"\n\t\t\t\t\t\t\tid=\"wpfc_bible_book\"\n\t\t\t\t\t\t\tonchange=\"if(this.options[this.selectedIndex].value !== ''){return this.form.submit()}else{window.location = window.location.href.split('?')[0];}\"\n\t\t\t\t\t\t\tautocomplete=\"off\"\n\t\t\t\t\t\t>\n\t\t\t\t\t\t<option value=\"\">Book<\/option>\n\t\t\t\t\t\t<option value=\"psalms\" >Psalms<\/option><option value=\"genesis\" >Genesis<\/option><option value=\"exodus\" >Exodus<\/option><option value=\"leviticus\" >Leviticus<\/option><option value=\"numbers\" >Numbers<\/option><option value=\"deuteronomy\" >Deuteronomy<\/option><option value=\"joshua\" >Joshua<\/option><option value=\"judges\" >Judges<\/option><option value=\"ruth\" >Ruth<\/option><option value=\"1-samuel\" >1 Samuel<\/option><option value=\"2-samuel\" >2 Samuel<\/option><option value=\"1-kings\" >1 Kings<\/option><option value=\"2-kings\" >2 Kings<\/option><option value=\"1-chronicles\" >1 Chronicles<\/option><option value=\"2-chronicles\" >2 Chronicles<\/option><option value=\"ezra\" >Ezra<\/option><option value=\"nehemiah\" >Nehemiah<\/option><option value=\"esther\" >Esther<\/option><option value=\"job\" >Job<\/option><option value=\"proverbs\" >Proverbs<\/option><option value=\"ecclesiastes\" >Ecclesiastes<\/option><option value=\"song-of-solomon\" >Song of Solomon<\/option><option value=\"isaiah\" >Isaiah<\/option><option value=\"jeremiah\" >Jeremiah<\/option><option value=\"lamentations\" >Lamentations<\/option><option value=\"daniel\" >Daniel<\/option><option value=\"ezekiel\" >Ezekiel<\/option><option value=\"hosea\" >Hosea<\/option><option value=\"joel\" >Joel<\/option><option value=\"amos\" >Amos<\/option><option value=\"obadiah\" >Obadiah<\/option><option value=\"jonah\" >Jonah<\/option><option value=\"micah\" >Micah<\/option><option value=\"nahum\" >Nahum<\/option><option value=\"habakkuk\" >Habakkuk<\/option><option value=\"zephaniah\" >Zephaniah<\/option><option value=\"haggai\" >Haggai<\/option><option value=\"zechariah\" >Zechariah<\/option><option value=\"malachi\" >Malachi<\/option><option value=\"matthew\" >Matthew<\/option><option value=\"mark\" >Mark<\/option><option value=\"luke\" >Luke<\/option><option value=\"john\" >John<\/option><option value=\"acts\" >Acts<\/option><option value=\"romans\" >Romans<\/option><option value=\"1-corinthians\" >1 Corinthians<\/option><option value=\"2-corinthians\" >2 Corinthians<\/option><option value=\"galatians\" >Galatians<\/option><option value=\"ephesians\" >Ephesians<\/option><option value=\"philippians\" >Philippians<\/option><option value=\"colossians\" >Colossians<\/option><option value=\"1-thessalonians\" >1 Thessalonians<\/option><option value=\"2-thessalonians\" >2 Thessalonians<\/option><option value=\"1-timothy\" >1 Timothy<\/option><option value=\"2-timothy\" >2 Timothy<\/option><option value=\"titus\" >Titus<\/option><option value=\"philemon\" >Philemon<\/option><option value=\"hebrews\" >Hebrews<\/option><option value=\"james\" >James<\/option><option value=\"1-peter\" >1 Peter<\/option><option value=\"2-peter\" >2 Peter<\/option><option value=\"1-john\" >1 John<\/option><option value=\"2-john\" >2 John<\/option><option value=\"3-john\" >3 John<\/option><option value=\"jude\" >Jude<\/option><option value=\"revelation\" >Revelation<\/option>\t\t\t\t\t<\/select>\n\t\t\t\t\t\t\t\t\t\t\t\t\t\t\t\t\t\t\t\t\t\t\t\t\t<noscript>\n\t\t\t\t\t\t<div><input type=\"submit\" value=\"Submit\"\/><\/div>\n\t\t\t\t\t<\/noscript>\n\t\t\t\t<\/form>\n\t\t\t<\/div>\n\t\t\t\t\t\t\t\t\t\t\t\t\t<\/div>\n\t\t\t\t<\/div>\n\t\t\t\t","sermons_blog_filters_service_types":"\t\t\t\t<div class=\"sm-filtering\">\n\t\t\t\t\t<div id=\"wpfc_sermon_sorting\" class=\"no-spacing\">\n\t\t\t\t\t\t\t\t\t\t\t\t\t\t\t\t\t\t\t\t\t\t\t\n\t\t\t\t\t<div class=\"sortServiceTypes\" style=\"display: inline-block\">\n\t\t\t\t<form action=\"https:\/\/evangelismoutreachministries.com\/es\/wp-json\/wp\/v2\/pages\/20225\/\" method=\"get\">\n\t\t\t\t\t<select name=\"wpfc_service_type\"\n\t\t\t\t\t\t\ttitle=\"Service Type\"\n\t\t\t\t\t\t\tid=\"wpfc_service_type\"\n\t\t\t\t\t\t\tonchange=\"if(this.options[this.selectedIndex].value !== ''){return this.form.submit()}else{window.location = window.location.href.split('?')[0];}\"\n\t\t\t\t\t\t\tautocomplete=\"off\"\n\t\t\t\t\t\t>\n\t\t\t\t\t\t<option value=\"\">Service Type<\/option>\n\t\t\t\t\t\t<option value=\"morning-service\" >Morning Service<\/option>\t\t\t\t\t<\/select>\n\t\t\t\t\t\t\t\t\t\t\t\t\t\t\t\t\t\t\t\t\t\t\t\t\t<noscript>\n\t\t\t\t\t\t<div><input type=\"submit\" value=\"Submit\"\/><\/div>\n\t\t\t\t\t<\/noscript>\n\t\t\t\t<\/form>\n\t\t\t<\/div>\n\t\t\t\t\t\t\t\t<\/div>\n\t\t\t\t<\/div>\n\t\t\t\t","sermons_blog_filters_dates":"\t\t\t\t<div class=\"sm-filtering\">\n\t\t\t\t\t<div id=\"wpfc_sermon_sorting\" class=\"no-spacing\">\n\t\t\t\t\t\t\t\t\t\t\t\t\t\t\t\t\t\t\t\t\t\t\t\t\t\t\t\t\n\t\t\t\t\t<div class=\"sortDates\" style=\"display: inline-block\">\n\t\t\t\t<form action=\"https:\/\/evangelismoutreachministries.com\/es\/wp-json\/wp\/v2\/pages\/20225\/\" method=\"get\">\n\t\t\t\t\t<select name=\"wpfc_dates\"\n\t\t\t\t\t\t\ttitle=\"Date\"\n\t\t\t\t\t\t\tid=\"wpfc_dates\"\n\t\t\t\t\t\t\tonchange=\"if(this.options[this.selectedIndex].value !== ''){return this.form.submit()}else{window.location = window.location.href.split('?')[0];}\"\n\t\t\t\t\t\t\tautocomplete=\"off\"\n\t\t\t\t\t\t>\n\t\t\t\t\t\t<option value=\"\">Date<\/option>\n\t\t\t\t\t\t\t\t\t\t\t<\/select>\n\t\t\t\t\t\t\t\t\t\t\t\t\t\t\t\t\t\t\t\t\t\t\t\t\t<noscript>\n\t\t\t\t\t\t<div><input type=\"submit\" value=\"Submit\"\/><\/div>\n\t\t\t\t\t<\/noscript>\n\t\t\t\t<\/form>\n\t\t\t<\/div>\n\t\t\t<\/div>\n\t\t\t\t<\/div>\n\t\t\t\t","sermons_blog_image_url":"https:\/\/evangelismoutreachministries.com\/wp-content\/uploads\/2022\/01\/preaching-street-1.jpg","sermons_blog_video":"","sermons_blog_series":false,"sermons_blog_meta_sermon_description":"","sermons_blog_show_readmore":false,"sermons_blog_audio":false,"sermons_blog_preacher_image":"","sermons_blog_preacher":false,"sermons_blog_bible_passage":null,"sermons_blog_service_type":false,"_links":{"self":[{"href":"https:\/\/evangelismoutreachministries.com\/es\/wp-json\/wp\/v2\/pages\/20225","targetHints":{"allow":["GET"]}}],"collection":[{"href":"https:\/\/evangelismoutreachministries.com\/es\/wp-json\/wp\/v2\/pages"}],"about":[{"href":"https:\/\/evangelismoutreachministries.com\/es\/wp-json\/wp\/v2\/types\/page"}],"author":[{"embeddable":true,"href":"https:\/\/evangelismoutreachministries.com\/es\/wp-json\/wp\/v2\/users\/3"}],"replies":[{"embeddable":true,"href":"https:\/\/evangelismoutreachministries.com\/es\/wp-json\/wp\/v2\/comments?post=20225"}],"version-history":[{"count":5,"href":"https:\/\/evangelismoutreachministries.com\/es\/wp-json\/wp\/v2\/pages\/20225\/revisions"}],"predecessor-version":[{"id":21311,"href":"https:\/\/evangelismoutreachministries.com\/es\/wp-json\/wp\/v2\/pages\/20225\/revisions\/21311"}],"wp:featuredmedia":[{"embeddable":true,"href":"https:\/\/evangelismoutreachministries.com\/es\/wp-json\/wp\/v2\/media\/20176"}],"wp:attachment":[{"href":"https:\/\/evangelismoutreachministries.com\/es\/wp-json\/wp\/v2\/media?parent=20225"}],"curies":[{"name":"wp","href":"https:\/\/api.w.org\/{rel}","templated":true}]}}