{"id":20254,"date":"2022-01-19T21:52:36","date_gmt":"2022-01-19T21:52:36","guid":{"rendered":"https:\/\/evangelismoutreachministries.com\/?page_id=20254"},"modified":"2022-01-19T21:53:00","modified_gmt":"2022-01-19T21:53:00","slug":"bible-study-tools","status":"publish","type":"page","link":"https:\/\/evangelismoutreachministries.com\/es\/bible-study-tools\/","title":{"rendered":"Herramientas de estudio b\u00edblico"},"content":{"rendered":"<p><strong>Ministerios de Evangelismo\u00a0<\/strong>est\u00e1 dedicado a la predicaci\u00f3n del Evangelio, el discipulado de las naciones y la edificaci\u00f3n del Cuerpo de Cristo, la Iglesia, los Hijos de Dios. A continuaci\u00f3n se muestran algunos recursos valiosos que se pueden seleccionar con un clic del mouse. La informaci\u00f3n proporcionada en estos sitios ha demostrado ser muy \u00fatil para el estudio y la aplicaci\u00f3n de las Escrituras. Advertir\u00edamos contra la lectura de cualquier versi\u00f3n o comentario de la Biblia. Sean selectivos en el temor del Se\u00f1or y elijan sabiamente. Valoramos mucho y recomendamos leer la Biblia King James (KJV) o la Versi\u00f3n Est\u00e1ndar en Ingl\u00e9s (ESV) para evitar la confusi\u00f3n que a menudo surge de los cientos de opciones disponibles, algunas de las cuales son muy atroces. Adem\u00e1s, es muy importante ser selectivo al elegir qu\u00e9 material de lectura utilizar como referencia para el estudio b\u00edblico y la preparaci\u00f3n de sermones. A continuaci\u00f3n se muestra una lista de sitios web y recursos destacados que recomendamos encarecidamente. Incluyen:<\/p>\r\n<ul>\r\n<li><a href=\"https:\/\/www.ligonier.org\/\" target=\"_blank\" rel=\"noreferrer noopener\">Ministerios Ligonier<\/a>\u00a0&amp;\u00a0<a href=\"https:\/\/founders.org\/\" target=\"_blank\" rel=\"noreferrer noopener\">Ministerios Fundadores<\/a><\/li>\r\n<li><a href=\"http:\/\/carm.org\/\" target=\"_blank\" rel=\"noreferrer noopener\">Ministerio Cristiano de Investigaci\u00f3n y Apolog\u00e9tica (CARM)<\/a><\/li>\r\n<li><a href=\"https:\/\/www.chapellibrary.org\/\" target=\"_blank\" rel=\"noreferrer noopener\">Biblioteca de la Capilla<\/a><\/li>\r\n<li><a href=\"https:\/\/www.gty.org\/\" target=\"_blank\" rel=\"noreferrer noopener\">Gracia a ti<\/a><\/li>\r\n<li><a href=\"https:\/\/www.spurgeon.org\/\" target=\"_blank\" rel=\"noreferrer noopener\">La biblioteca Spurgeon<\/a><\/li>\r\n<li><a href=\"https:\/\/www.monergism.com\/\" target=\"_blank\" rel=\"noreferrer noopener\">monergismo<\/a><\/li>\r\n<li><a href=\"https:\/\/answersingenesis.org\/\" target=\"_blank\" rel=\"noreferrer noopener\">Respuestas en G\u00e9nesis<\/a>\u00a0&amp;\u00a0<a href=\"https:\/\/biblicalscienceinstitute.com\/\" target=\"_blank\" rel=\"noreferrer noopener\">Instituto de Ciencias B\u00edblicas<\/a><\/li>\r\n<li><a href=\"http:\/\/www.onepassionministries.org\/\" target=\"_blank\" rel=\"noreferrer noopener\">Ministerios Una Pasi\u00f3n<\/a><\/li>\r\n<li><a href=\"https:\/\/banneroftruth.org\/us\/\" target=\"_blank\" rel=\"noreferrer noopener\">Publicaci\u00f3n de la Bandera de la Verdad<\/a><\/li>\r\n<li><a href=\"https:\/\/www.livingwaters.com\/\" target=\"_blank\" rel=\"noreferrer noopener\">Aguas vivas<\/a><\/li>\r\n<\/ul>\r\n<p><img decoding=\"async\" title=\"logotipo-de-la-puerta-de-la-biblia\" src=\"https:\/\/evangelismoutreachministries.com\/wp-content\/uploads\/2022\/01\/bible-gateway-logo.jpeg\" alt=\"bible-gateway-logo\" \/><\/p>\r\n<p>Bible Gateway es f\u00e1cil de usar y proporciona muchos recursos valiosos para el estudiante y te\u00f3logo de la Biblia. Las Escrituras se pueden leer y comparar con muchas versiones de la Biblia. El sitio tambi\u00e9n se puede buscar por palabra clave. Tambi\u00e9n hay un enlace Leer la Biblia que se puede configurar para proporcionar indicaciones para la lectura diaria de la Biblia.<\/p>\r\n<p><img decoding=\"async\" title=\"BLB-4C-Copia apilada\" src=\"https:\/\/evangelismoutreachministries.com\/wp-content\/uploads\/2022\/01\/BLB-4C-Stacked-copy.jpeg\" alt=\"BLB-4C-Stacked copy\" \/><\/p>\r\n<p>Blue Letter Bible provides an easy-to-use application for studying Scripture, including the ability to look up the meaning of words in Hebrew and Greek, along with Strong&#8217;s reference material. By entering a word or Scripture reference, the student or theologian can access various Bible versions, cross references, commentaries, dictionaries, and a whole lot more.<\/p>\r\n<p><img decoding=\"async\" title=\"estudio-luz-logo2\" src=\"https:\/\/evangelismoutreachministries.com\/wp-content\/uploads\/2022\/01\/study-light-logo2.png\" alt=\"study-light-logo2\" \/><\/p>\r\n<p>StudyLight.org is very useful for studying Scripture and reading Bible commentaries from faithful preachers such as John Calvin, John Gill, Matthew Henry, and Charles Spurgeon. They also have Concordances, Dictionaries, Encyclopedias, Historical Writings (Josephus, Foxe&#8217;s Martyrs, and Church History, etc), and Language Studies.<\/p>\r\n<h3>Confesiones hist\u00f3ricas de la fe<\/h3>\r\n<p>Creemos que es importante que cada generaci\u00f3n de cristianos recuerde su herencia cristiana. Los hombres de la antig\u00fcedad pelearon las controversias de su \u00e9poca con la Palabra de Dios y han dejado los siguientes recursos para ayudar a los creyentes, fortalecer la iglesia y evitar ser enga\u00f1ados por viejas herej\u00edas. Las Escrituras son la \u00fanica regla infalible para la fe, la vida y la doctrina, pero vemos las confesiones hist\u00f3ricas como herramientas para ayudar en la edificaci\u00f3n de la sana doctrina. Todas las cosas, incluidas estas confesiones, deben ser probadas por las Escrituras.<\/p>\r\n<ul>\r\n<li><a href=\"https:\/\/founders.org\/library\/1689-confession\/\" target=\"_blank\" rel=\"noreferrer noopener\">1689 Confesi\u00f3n de Fe Bautista de Londres<\/a><\/li>\r\n<li><a href=\"https:\/\/www.ligonier.org\/learn\/articles\/westminster-confession-faith\/\" target=\"_blank\" rel=\"noreferrer noopener\">Confesi\u00f3n de fe de Westminster<\/a>\u00a0&#8211; Though we ascribe to believer&#8217;s water baptism by immersion, we have a high regard for our Presbyterian brothers and sisters in Christ.<\/li>\r\n<\/ul>\r\n<h3>Historia antigua jud\u00eda y de la iglesia<\/h3>\r\n<p>Ancient Jewish &amp; Church History is often a subject matter for Bible study enthusiasts and students, Theologians, and for those people in the work of the ministry that labor in the Word of God for the edification of the Body of Christ. There are many reasons why it&#8217;s so vitally important to know Ancient Jewish &amp; Church History, some of which include:<\/p>\r\n<ul>\r\n<li>Seguimiento del linaje y las profec\u00edas relativas a Cristo (Mes\u00edas, Ungido), desde el Libro del G\u00e9nesis hasta el Libro del Apocalipsis.<\/li>\r\n<li>Perspectiva y contexto m\u00e1s amplios de la vida y la \u00e9poca de los profetas, sacerdotes y reyes del Antiguo y Nuevo Testamento, as\u00ed como de los h\u00e9roes de la fe, y las vidas y la influencia de las mujeres piadosas.<\/li>\r\n<li>Historia de la Biblia, conociendo el Canon de las Escrituras y c\u00f3mo se armaron todos los Libros de la Biblia, adem\u00e1s de obtener una comprensi\u00f3n m\u00e1s profunda de los hombres que escribieron las Escrituras bajo la inspiraci\u00f3n del Esp\u00edritu Santo.<\/li>\r\n<li>Historia de las Doctrinas de Cristo y c\u00f3mo se identificaron esas doctrinas, y saber c\u00f3mo se aplican a\u00fan hoy en el mundo.<\/li>\r\n<li>Perspectiva y contexto m\u00e1s amplios de la vida y los tiempos, as\u00ed como el trabajo, de aquellos hombres de fe (elegidos) que nos han precedido, incluidos los m\u00e1rtires cristianos, algunos de los padres de la Iglesia primitiva, te\u00f3logos, pastores, maestros y evangelistas. cuyo trabajo contin\u00faa influyendo en la iglesia hoy.<\/li>\r\n<li>Conozca los or\u00edgenes de la Iglesia Cat\u00f3lica Romana (ICR) y c\u00f3mo la ICR ha influido en el cristianismo tal como lo conocemos hoy, incluida la parodia de las Cruzadas y la Inquisici\u00f3n, as\u00ed como la naturaleza atroz del Movimiento Ecum\u00e9nico.<\/li>\r\n<li>Adquirir una apreciaci\u00f3n de la historia antigua de los jud\u00edos y de la Iglesia para aprender del pasado y evitar cometer algunos de los mismos errores que han ocurrido.<\/li>\r\n<\/ul>\r\n<h3>Historia antigua jud\u00eda y de la iglesia<\/h3>\r\n<p>Para las publicaciones m\u00e1s recientes de la historia:<br \/><a href=\"https:\/\/www.studylight.org\/historical-writings\/today-in-christian-history.html\" target=\"_blank\" rel=\"noreferrer noopener\">Hoy en la historia de la Iglesia<\/a>\u00a0es una p\u00e1gina en el sitio web StudyLight.org que se actualiza diariamente. En este sitio hay muchas opciones para el estudio de la historia de la iglesia.<\/p>\r\n<p><a href=\"https:\/\/www.chabad.org\/library\/article_cdo\/aid\/3915966\/jewish\/Timeline-of-Jewish-History.htm\" target=\"_blank\" rel=\"noreferrer noopener\">Historia jud\u00eda<\/a>\u00a0es una p\u00e1gina en el sitio web Chabad.org que incluye informaci\u00f3n relacionada con la historia jud\u00eda. Incluido en ese sitio web est\u00e1\u00a0<a href=\"https:\/\/www.chabad.org\/calendar\/view\/week_cdo\/jewish\/This-Week-in-Jewish-History.htm\" target=\"_blank\" rel=\"noreferrer noopener\">Esta semana en la historia jud\u00eda<\/a>.<\/p>\r\n<h3>Literatura puritana recomendada<\/h3>\r\n<p>Una de las enormes bendiciones otorgadas a la Iglesia del Dios Viviente son los escritos de los puritanos y otros te\u00f3logos notables. En una \u00e9poca en la que nos encontramos en la historia mundial, qu\u00e9 bendici\u00f3n es leer sus escritos y aprender acerca de las Escrituras de tal manera que seamos m\u00e1s profundos en el conocimiento y la comprensi\u00f3n de la Palabra de Dios.<\/p>\r\n<ol>\r\n<li>\r\n<ol>\r\n<li>Pecadores en manos de un Dios enojado, Jonathan Edwards\u00a0<a href=\"https:\/\/www.monergism.com\/thethreshold\/sdg\/pdf\/edwards_angry.pdf\" target=\"_blank\" rel=\"noreferrer noopener\">https:\/\/www.monergism.com\/thethreshold\/sdg\/pdf\/edwards_angry.pdf<\/a><\/li>\r\n<li>La naturaleza humana en su cu\u00e1druple estado, Thomas Boston\u00a0<a href=\"https:\/\/www.monergism.com\/thethreshold\/sdg\/boston\/Human_Nature_in_its_Fourfold_St.pdf\" target=\"_blank\" rel=\"noreferrer noopener\">https:\/\/www.monergism.com\/thethreshold\/sdg\/boston\/Human_Nature_in_its_Fourfold_St.pdf<\/a><\/li>\r\n<\/ol>\r\n<\/li>\r\n<\/ol>","protected":false},"excerpt":{"rendered":"<p>Evangelism Outreach Ministries\u00a0is devoted to the preaching of the Gospel, discipling the nations, and building up and edifying the Body of Christ, the Church, the Children of God. Below are some valuable resources that can be selected at the click of the mouse. The information provided at these sites have proven to be very helpful [&hellip;]<\/p>","protected":false},"author":3,"featured_media":19581,"parent":0,"menu_order":0,"comment_status":"closed","ping_status":"closed","template":"","meta":{"_seopress_robots_primary_cat":"","_seopress_titles_title":"","_seopress_titles_desc":"","_seopress_robots_index":"","_seopress_analysis_target_kw":"","_uag_custom_page_level_css":"","footnotes":""},"class_list":["post-20254","page","type-page","status-publish","has-post-thumbnail","hentry"],"blocksy_meta":{"styles_descriptor":{"styles":{"desktop":"","tablet":"","mobile":""},"google_fonts":[],"version":6}},"uagb_featured_image_src":{"full":["https:\/\/evangelismoutreachministries.com\/wp-content\/uploads\/2021\/09\/fhnnjk1yj7y.jpg",1600,1200,false],"thumbnail":["https:\/\/evangelismoutreachministries.com\/wp-content\/uploads\/2021\/09\/fhnnjk1yj7y-350x350.jpg",350,350,true],"medium":["https:\/\/evangelismoutreachministries.com\/wp-content\/uploads\/2021\/09\/fhnnjk1yj7y-600x450.jpg",600,450,true],"medium_large":["https:\/\/evangelismoutreachministries.com\/wp-content\/uploads\/2021\/09\/fhnnjk1yj7y-768x576.jpg",768,576,true],"large":["https:\/\/evangelismoutreachministries.com\/wp-content\/uploads\/2021\/09\/fhnnjk1yj7y-1500x1125.jpg",1290,968,true],"thumblist":["https:\/\/evangelismoutreachministries.com\/wp-content\/uploads\/2021\/09\/fhnnjk1yj7y-300x300.jpg",300,300,true],"meccarouselthumb":["https:\/\/evangelismoutreachministries.com\/wp-content\/uploads\/2021\/09\/fhnnjk1yj7y-474x324.jpg",474,324,true],"gridsquare":["https:\/\/evangelismoutreachministries.com\/wp-content\/uploads\/2021\/09\/fhnnjk1yj7y-391x260.jpg",391,260,true],"tileview":["https:\/\/evangelismoutreachministries.com\/wp-content\/uploads\/2021\/09\/fhnnjk1yj7y-300x400.jpg",300,400,true],"1536x1536":["https:\/\/evangelismoutreachministries.com\/wp-content\/uploads\/2021\/09\/fhnnjk1yj7y-1536x1152.jpg",1536,1152,true],"2048x2048":["https:\/\/evangelismoutreachministries.com\/wp-content\/uploads\/2021\/09\/fhnnjk1yj7y.jpg",1600,1200,false],"trp-custom-language-flag":["https:\/\/evangelismoutreachministries.com\/wp-content\/uploads\/2021\/09\/fhnnjk1yj7y.jpg",16,12,false],"sermon_small":["https:\/\/evangelismoutreachministries.com\/wp-content\/uploads\/2021\/09\/fhnnjk1yj7y-75x75.jpg",75,75,true],"sermon_medium":["https:\/\/evangelismoutreachministries.com\/wp-content\/uploads\/2021\/09\/fhnnjk1yj7y-300x200.jpg",300,200,true],"sermon_wide":["https:\/\/evangelismoutreachministries.com\/wp-content\/uploads\/2021\/09\/fhnnjk1yj7y-940x350.jpg",940,350,true],"detail":["https:\/\/evangelismoutreachministries.com\/wp-content\/uploads\/2021\/09\/fhnnjk1yj7y-75x75.jpg",75,75,true]},"uagb_author_info":{"display_name":"Eric Pastorek","author_link":"https:\/\/evangelismoutreachministries.com\/es\/author\/reformedmedia\/"},"uagb_comment_info":0,"uagb_excerpt":"Evangelism Outreach Ministries\u00a0is devoted to the preaching of the Gospel, discipling the nations, and building up and edifying the Body of Christ, the Church, the Children of God. Below are some valuable resources that can be selected at the click of the mouse. The information provided at these sites have proven to be very helpful&hellip;","sermons_blog_filters_topics":"\t\t\t\t<div class=\"sm-filtering\">\n\t\t\t\t\t<div id=\"wpfc_sermon_sorting\" class=\"no-spacing\">\n\t\t\t\t\t\t\t\t\t\t\t\t\t\n\t\t\t\t\t<div class=\"sortTopics\" style=\"display: inline-block\">\n\t\t\t\t<form action=\"https:\/\/evangelismoutreachministries.com\/es\/wp-json\/wp\/v2\/pages\/20254\/\" method=\"get\">\n\t\t\t\t\t<select name=\"wpfc_sermon_topics\"\n\t\t\t\t\t\t\ttitle=\"Topic\"\n\t\t\t\t\t\t\tid=\"wpfc_sermon_topics\"\n\t\t\t\t\t\t\tonchange=\"if(this.options[this.selectedIndex].value !== ''){return this.form.submit()}else{window.location = window.location.href.split('?')[0];}\"\n\t\t\t\t\t\t\tautocomplete=\"off\"\n\t\t\t\t\t\t>\n\t\t\t\t\t\t<option value=\"\">Topic<\/option>\n\t\t\t\t\t\t<option value=\"types-and-shadows\" >Types and Shadows<\/option>\t\t\t\t\t<\/select>\n\t\t\t\t\t\t\t\t\t\t\t\t\t\t\t\t\t\t\t\t\t\t\t\t\t<noscript>\n\t\t\t\t\t\t<div><input type=\"submit\" value=\"Submit\"\/><\/div>\n\t\t\t\t\t<\/noscript>\n\t\t\t\t<\/form>\n\t\t\t<\/div>\n\t\t\t\t\t\t\t\t\t\t\t\t\t\t\t\t\t\t<\/div>\n\t\t\t\t<\/div>\n\t\t\t\t","sermons_blog_filters_series":"\t\t\t\t<div class=\"sm-filtering\">\n\t\t\t\t\t<div id=\"wpfc_sermon_sorting\" class=\"no-spacing\">\n\t\t\t\t\t\t\t\t\n\t\t\t\t\t<div class=\"sortSeries\" style=\"display: inline-block\">\n\t\t\t\t<form action=\"https:\/\/evangelismoutreachministries.com\/es\/wp-json\/wp\/v2\/pages\/20254\/\" method=\"get\">\n\t\t\t\t\t<select name=\"wpfc_sermon_series\"\n\t\t\t\t\t\t\ttitle=\"Series\"\n\t\t\t\t\t\t\tid=\"wpfc_sermon_series\"\n\t\t\t\t\t\t\tonchange=\"if(this.options[this.selectedIndex].value !== ''){return this.form.submit()}else{window.location = window.location.href.split('?')[0];}\"\n\t\t\t\t\t\t\tautocomplete=\"off\"\n\t\t\t\t\t\t>\n\t\t\t\t\t\t<option value=\"\">Series<\/option>\n\t\t\t\t\t\t<option value=\"christ-in-the-psalms\" >Christ in the Psalms<\/option>\t\t\t\t\t<\/select>\n\t\t\t\t\t\t\t\t\t\t\t\t\t\t\t\t\t\t\t\t\t\t\t\t\t<noscript>\n\t\t\t\t\t\t<div><input type=\"submit\" value=\"Submit\"\/><\/div>\n\t\t\t\t\t<\/noscript>\n\t\t\t\t<\/form>\n\t\t\t<\/div>\n\t\t\t\t\t\t\t\t\t\t\t\t\t\t\t\t\t\t\t\t\t\t\t<\/div>\n\t\t\t\t<\/div>\n\t\t\t\t","sermons_blog_filters_preachers":"\t\t\t\t<div class=\"sm-filtering\">\n\t\t\t\t\t<div id=\"wpfc_sermon_sorting\" class=\"no-spacing\">\n\t\t\t\n\t\t\t\t\t<div class=\"sortPreacher\" style=\"display: inline-block\">\n\t\t\t\t<form action=\"https:\/\/evangelismoutreachministries.com\/es\/wp-json\/wp\/v2\/pages\/20254\/\" method=\"get\">\n\t\t\t\t\t<select name=\"wpfc_preacher\"\n\t\t\t\t\t\t\ttitle=\"Speaker\"\n\t\t\t\t\t\t\tid=\"wpfc_preacher\"\n\t\t\t\t\t\t\tonchange=\"if(this.options[this.selectedIndex].value !== ''){return this.form.submit()}else{window.location = window.location.href.split('?')[0];}\"\n\t\t\t\t\t\t\tautocomplete=\"off\"\n\t\t\t\t\t\t>\n\t\t\t\t\t\t<option value=\"\">Speaker<\/option>\n\t\t\t\t\t\t<option value=\"pastor-john\" >Pastor John<\/option>\t\t\t\t\t<\/select>\n\t\t\t\t\t\t\t\t\t\t\t\t\t\t\t\t\t\t\t\t\t\t\t\t\t<noscript>\n\t\t\t\t\t\t<div><input type=\"submit\" value=\"Submit\"\/><\/div>\n\t\t\t\t\t<\/noscript>\n\t\t\t\t<\/form>\n\t\t\t<\/div>\n\t\t\t\t\t\t\t\t\t\t\t\t\t\t\t\t\t\t\t\t\t\t\t\t\t\t\t\t<\/div>\n\t\t\t\t<\/div>\n\t\t\t\t","sermons_blog_filters_books":"\t\t\t\t<div class=\"sm-filtering\">\n\t\t\t\t\t<div id=\"wpfc_sermon_sorting\" class=\"no-spacing\">\n\t\t\t\t\t\t\t\t\t\t\t\t\t\t\t\t\t\t\n\t\t\t\t\t<div class=\"sortBooks\" style=\"display: inline-block\">\n\t\t\t\t<form action=\"https:\/\/evangelismoutreachministries.com\/es\/wp-json\/wp\/v2\/pages\/20254\/\" method=\"get\">\n\t\t\t\t\t<select name=\"wpfc_bible_book\"\n\t\t\t\t\t\t\ttitle=\"Book\"\n\t\t\t\t\t\t\tid=\"wpfc_bible_book\"\n\t\t\t\t\t\t\tonchange=\"if(this.options[this.selectedIndex].value !== ''){return this.form.submit()}else{window.location = window.location.href.split('?')[0];}\"\n\t\t\t\t\t\t\tautocomplete=\"off\"\n\t\t\t\t\t\t>\n\t\t\t\t\t\t<option value=\"\">Book<\/option>\n\t\t\t\t\t\t<option value=\"psalms\" >Psalms<\/option><option value=\"genesis\" >Genesis<\/option><option value=\"exodus\" >Exodus<\/option><option value=\"leviticus\" >Leviticus<\/option><option value=\"numbers\" >Numbers<\/option><option value=\"deuteronomy\" >Deuteronomy<\/option><option value=\"joshua\" >Joshua<\/option><option value=\"judges\" >Judges<\/option><option value=\"ruth\" >Ruth<\/option><option value=\"1-samuel\" >1 Samuel<\/option><option value=\"2-samuel\" >2 Samuel<\/option><option value=\"1-kings\" >1 Kings<\/option><option value=\"2-kings\" >2 Kings<\/option><option value=\"1-chronicles\" >1 Chronicles<\/option><option value=\"2-chronicles\" >2 Chronicles<\/option><option value=\"ezra\" >Ezra<\/option><option value=\"nehemiah\" >Nehemiah<\/option><option value=\"esther\" >Esther<\/option><option value=\"job\" >Job<\/option><option value=\"proverbs\" >Proverbs<\/option><option value=\"ecclesiastes\" >Ecclesiastes<\/option><option value=\"song-of-solomon\" >Song of Solomon<\/option><option value=\"isaiah\" >Isaiah<\/option><option value=\"jeremiah\" >Jeremiah<\/option><option value=\"lamentations\" >Lamentations<\/option><option value=\"daniel\" >Daniel<\/option><option value=\"ezekiel\" >Ezekiel<\/option><option value=\"hosea\" >Hosea<\/option><option value=\"joel\" >Joel<\/option><option value=\"amos\" >Amos<\/option><option value=\"obadiah\" >Obadiah<\/option><option value=\"jonah\" >Jonah<\/option><option value=\"micah\" >Micah<\/option><option value=\"nahum\" >Nahum<\/option><option value=\"habakkuk\" >Habakkuk<\/option><option value=\"zephaniah\" >Zephaniah<\/option><option value=\"haggai\" >Haggai<\/option><option value=\"zechariah\" >Zechariah<\/option><option value=\"malachi\" >Malachi<\/option><option value=\"matthew\" >Matthew<\/option><option value=\"mark\" >Mark<\/option><option value=\"luke\" >Luke<\/option><option value=\"john\" >John<\/option><option value=\"acts\" >Acts<\/option><option value=\"romans\" >Romans<\/option><option value=\"1-corinthians\" >1 Corinthians<\/option><option value=\"2-corinthians\" >2 Corinthians<\/option><option value=\"galatians\" >Galatians<\/option><option value=\"ephesians\" >Ephesians<\/option><option value=\"philippians\" >Philippians<\/option><option value=\"colossians\" >Colossians<\/option><option value=\"1-thessalonians\" >1 Thessalonians<\/option><option value=\"2-thessalonians\" >2 Thessalonians<\/option><option value=\"1-timothy\" >1 Timothy<\/option><option value=\"2-timothy\" >2 Timothy<\/option><option value=\"titus\" >Titus<\/option><option value=\"philemon\" >Philemon<\/option><option value=\"hebrews\" >Hebrews<\/option><option value=\"james\" >James<\/option><option value=\"1-peter\" >1 Peter<\/option><option value=\"2-peter\" >2 Peter<\/option><option value=\"1-john\" >1 John<\/option><option value=\"2-john\" >2 John<\/option><option value=\"3-john\" >3 John<\/option><option value=\"jude\" >Jude<\/option><option value=\"revelation\" >Revelation<\/option>\t\t\t\t\t<\/select>\n\t\t\t\t\t\t\t\t\t\t\t\t\t\t\t\t\t\t\t\t\t\t\t\t\t<noscript>\n\t\t\t\t\t\t<div><input type=\"submit\" value=\"Submit\"\/><\/div>\n\t\t\t\t\t<\/noscript>\n\t\t\t\t<\/form>\n\t\t\t<\/div>\n\t\t\t\t\t\t\t\t\t\t\t\t\t<\/div>\n\t\t\t\t<\/div>\n\t\t\t\t","sermons_blog_filters_service_types":"\t\t\t\t<div class=\"sm-filtering\">\n\t\t\t\t\t<div id=\"wpfc_sermon_sorting\" class=\"no-spacing\">\n\t\t\t\t\t\t\t\t\t\t\t\t\t\t\t\t\t\t\t\t\t\t\t\n\t\t\t\t\t<div class=\"sortServiceTypes\" style=\"display: inline-block\">\n\t\t\t\t<form action=\"https:\/\/evangelismoutreachministries.com\/es\/wp-json\/wp\/v2\/pages\/20254\/\" method=\"get\">\n\t\t\t\t\t<select name=\"wpfc_service_type\"\n\t\t\t\t\t\t\ttitle=\"Service Type\"\n\t\t\t\t\t\t\tid=\"wpfc_service_type\"\n\t\t\t\t\t\t\tonchange=\"if(this.options[this.selectedIndex].value !== ''){return this.form.submit()}else{window.location = window.location.href.split('?')[0];}\"\n\t\t\t\t\t\t\tautocomplete=\"off\"\n\t\t\t\t\t\t>\n\t\t\t\t\t\t<option value=\"\">Service Type<\/option>\n\t\t\t\t\t\t<option value=\"morning-service\" >Morning Service<\/option>\t\t\t\t\t<\/select>\n\t\t\t\t\t\t\t\t\t\t\t\t\t\t\t\t\t\t\t\t\t\t\t\t\t<noscript>\n\t\t\t\t\t\t<div><input type=\"submit\" value=\"Submit\"\/><\/div>\n\t\t\t\t\t<\/noscript>\n\t\t\t\t<\/form>\n\t\t\t<\/div>\n\t\t\t\t\t\t\t\t<\/div>\n\t\t\t\t<\/div>\n\t\t\t\t","sermons_blog_filters_dates":"\t\t\t\t<div class=\"sm-filtering\">\n\t\t\t\t\t<div id=\"wpfc_sermon_sorting\" class=\"no-spacing\">\n\t\t\t\t\t\t\t\t\t\t\t\t\t\t\t\t\t\t\t\t\t\t\t\t\t\t\t\t\n\t\t\t\t\t<div class=\"sortDates\" style=\"display: inline-block\">\n\t\t\t\t<form action=\"https:\/\/evangelismoutreachministries.com\/es\/wp-json\/wp\/v2\/pages\/20254\/\" method=\"get\">\n\t\t\t\t\t<select name=\"wpfc_dates\"\n\t\t\t\t\t\t\ttitle=\"Date\"\n\t\t\t\t\t\t\tid=\"wpfc_dates\"\n\t\t\t\t\t\t\tonchange=\"if(this.options[this.selectedIndex].value !== ''){return this.form.submit()}else{window.location = window.location.href.split('?')[0];}\"\n\t\t\t\t\t\t\tautocomplete=\"off\"\n\t\t\t\t\t\t>\n\t\t\t\t\t\t<option value=\"\">Date<\/option>\n\t\t\t\t\t\t\t\t\t\t\t<\/select>\n\t\t\t\t\t\t\t\t\t\t\t\t\t\t\t\t\t\t\t\t\t\t\t\t\t<noscript>\n\t\t\t\t\t\t<div><input type=\"submit\" value=\"Submit\"\/><\/div>\n\t\t\t\t\t<\/noscript>\n\t\t\t\t<\/form>\n\t\t\t<\/div>\n\t\t\t<\/div>\n\t\t\t\t<\/div>\n\t\t\t\t","sermons_blog_image_url":"https:\/\/evangelismoutreachministries.com\/wp-content\/uploads\/2021\/09\/fhnnjk1yj7y.jpg","sermons_blog_video":"","sermons_blog_series":false,"sermons_blog_meta_sermon_description":"","sermons_blog_show_readmore":false,"sermons_blog_audio":false,"sermons_blog_preacher_image":"","sermons_blog_preacher":false,"sermons_blog_bible_passage":null,"sermons_blog_service_type":false,"_links":{"self":[{"href":"https:\/\/evangelismoutreachministries.com\/es\/wp-json\/wp\/v2\/pages\/20254","targetHints":{"allow":["GET"]}}],"collection":[{"href":"https:\/\/evangelismoutreachministries.com\/es\/wp-json\/wp\/v2\/pages"}],"about":[{"href":"https:\/\/evangelismoutreachministries.com\/es\/wp-json\/wp\/v2\/types\/page"}],"author":[{"embeddable":true,"href":"https:\/\/evangelismoutreachministries.com\/es\/wp-json\/wp\/v2\/users\/3"}],"replies":[{"embeddable":true,"href":"https:\/\/evangelismoutreachministries.com\/es\/wp-json\/wp\/v2\/comments?post=20254"}],"version-history":[{"count":3,"href":"https:\/\/evangelismoutreachministries.com\/es\/wp-json\/wp\/v2\/pages\/20254\/revisions"}],"predecessor-version":[{"id":20264,"href":"https:\/\/evangelismoutreachministries.com\/es\/wp-json\/wp\/v2\/pages\/20254\/revisions\/20264"}],"wp:featuredmedia":[{"embeddable":true,"href":"https:\/\/evangelismoutreachministries.com\/es\/wp-json\/wp\/v2\/media\/19581"}],"wp:attachment":[{"href":"https:\/\/evangelismoutreachministries.com\/es\/wp-json\/wp\/v2\/media?parent=20254"}],"curies":[{"name":"wp","href":"https:\/\/api.w.org\/{rel}","templated":true}]}}