{"id":21439,"date":"2024-10-23T11:49:25","date_gmt":"2024-10-23T11:49:25","guid":{"rendered":"https:\/\/evangelismoutreachministries.com\/?page_id=21439"},"modified":"2024-10-25T15:08:48","modified_gmt":"2024-10-25T15:08:48","slug":"needs","status":"publish","type":"page","link":"https:\/\/evangelismoutreachministries.com\/es\/needs\/","title":{"rendered":"Necesidades"},"content":{"rendered":"<h3>\u00bfQuieres ayudar a difundir el Evangelio?<\/h3>\n<p>EOM tiene una serie de necesidades tangibles que usted puede ayudar a cubrir para el avance del Evangelio, si se siente guiado por el Se\u00f1or a hacerlo. Estos son algunos de los art\u00edculos que nos gustar\u00eda tener en existencia mientras continuamos predicando a Cristo y a \u00c9l crucificado en nuestra comunidad local y m\u00e1s all\u00e1:<\/p>\n<p><strong>Biblias:<\/strong><\/p>\n<p>NT de bolsillo: <a href=\"https:\/\/www.heavensentchristian.com\/product\/kjv-pocket-new-testament-psalms-red-softcover-42-srd\/\">Libros y regalos cristianos enviados por el cielo: Nuevo Testamento de bolsillo y Salmos KJV, tapa blanda roja (#42\/SRD) \u2013 Por KJV (9781862284418) : Biblia<\/a><\/p>\n<p>Biblia est\u00e1ndar: <a href=\"https:\/\/www.christianbook.com\/kjv-award-bible-imitation-leather-green\/9780718097974\/pd\/097972?en=google&amp;event=SHOP&amp;kw=bibles-0-20%7C097972&amp;p=1179710&amp;utm_source=google&amp;p=1229901&amp;dv=c&amp;cb_src=google&amp;cb_typ=shopping&amp;cb_cmp=19647885579&amp;cb_adg=144560889726&amp;cb_kyw=&amp;utm_medium=shopping&amp;snav=GMERCH&amp;gclid=CjwKCAjwg-24BhB_EiwA1ZOx8pBPpHijn1nu6NubqaqfA684e2SRJuBA22H8OFNcXo33IN6EFBc6lxoCn6gQAvD_BwE\">Biblia KJV, regalo y premio, imitaci\u00f3n de cuero, verde: 9780718097974 \u2013 Christianbook.com<\/a><\/p>\n<p><strong>Tratados:<\/strong><\/p>\n<p>Biblioteca de la Capilla: <a href=\"https:\/\/www.chapellibrary.org\/search?input=tracts\">Buscar \u2013 Biblioteca de la Capilla<\/a><\/p>\n<p><strong>Evangelios de Juan (RV):<\/strong><\/p>\n<p>La Liga del Testamento de Bolsillo:\u00a0<a href=\"https:\/\/members.ptl.org\/code\/products.php\">La Liga del Testamento de Bolsillo | Comparte a Jes\u00fas en sus propias palabras | PTL.org<\/a><\/p>\n<p>&nbsp;<\/p>\n<h3><strong>Direcci\u00f3n de envio:<\/strong><\/h3>\n<p>Ministerios de Alcance de Evangelismo, Inc.<br \/>\n2635 Avenida 60 Norte<br \/>\nSan Petersburgo, FL, 33714<\/p>","protected":false},"excerpt":{"rendered":"<p>Want to help spread the Gospel? EOM has a number of tangible needs that you can help provide for the furtherance of the Gospel, should you feel led of the Lord to do so. Here are some of the items we would like to keep in stock as we continue to preach Christ and Him [&hellip;]<\/p>","protected":false},"author":3,"featured_media":21363,"parent":0,"menu_order":0,"comment_status":"closed","ping_status":"closed","template":"","meta":{"_seopress_robots_primary_cat":"","_seopress_titles_title":"","_seopress_titles_desc":"","_seopress_robots_index":"","_seopress_analysis_target_kw":"","_uag_custom_page_level_css":"","footnotes":""},"class_list":["post-21439","page","type-page","status-publish","has-post-thumbnail","hentry"],"blocksy_meta":[],"uagb_featured_image_src":{"full":["https:\/\/evangelismoutreachministries.com\/wp-content\/uploads\/2024\/05\/1-e1714773485897.jpg",1536,808,false],"thumbnail":["https:\/\/evangelismoutreachministries.com\/wp-content\/uploads\/2024\/05\/1-e1714773485897-350x350.jpg",350,350,true],"medium":["https:\/\/evangelismoutreachministries.com\/wp-content\/uploads\/2024\/05\/1-e1714773485897-600x316.jpg",600,316,true],"medium_large":["https:\/\/evangelismoutreachministries.com\/wp-content\/uploads\/2024\/05\/1-e1714773485897-768x404.jpg",768,404,true],"large":["https:\/\/evangelismoutreachministries.com\/wp-content\/uploads\/2024\/05\/1-e1714773485897-1500x789.jpg",1290,679,true],"thumblist":["https:\/\/evangelismoutreachministries.com\/wp-content\/uploads\/2024\/05\/1-e1714773485897-300x300.jpg",300,300,true],"meccarouselthumb":["https:\/\/evangelismoutreachministries.com\/wp-content\/uploads\/2024\/05\/1-e1714773485897-474x324.jpg",474,324,true],"gridsquare":["https:\/\/evangelismoutreachministries.com\/wp-content\/uploads\/2024\/05\/1-e1714773485897-391x260.jpg",391,260,true],"tileview":["https:\/\/evangelismoutreachministries.com\/wp-content\/uploads\/2024\/05\/1-e1714773485897-300x400.jpg",300,400,true],"1536x1536":["https:\/\/evangelismoutreachministries.com\/wp-content\/uploads\/2024\/05\/1-e1714773485897.jpg",1536,808,false],"2048x2048":["https:\/\/evangelismoutreachministries.com\/wp-content\/uploads\/2024\/05\/1-e1714773485897.jpg",1536,808,false],"trp-custom-language-flag":["https:\/\/evangelismoutreachministries.com\/wp-content\/uploads\/2024\/05\/1-e1714773485897-18x9.jpg",18,9,true],"sermon_small":["https:\/\/evangelismoutreachministries.com\/wp-content\/uploads\/2024\/05\/1-e1714773485897-75x75.jpg",75,75,true],"sermon_medium":["https:\/\/evangelismoutreachministries.com\/wp-content\/uploads\/2024\/05\/1-e1714773485897-300x200.jpg",300,200,true],"sermon_wide":["https:\/\/evangelismoutreachministries.com\/wp-content\/uploads\/2024\/05\/1-e1714773485897-940x350.jpg",940,350,true],"detail":["https:\/\/evangelismoutreachministries.com\/wp-content\/uploads\/2024\/05\/1-e1714773485897-75x75.jpg",75,75,true]},"uagb_author_info":{"display_name":"Eric Pastorek","author_link":"https:\/\/evangelismoutreachministries.com\/es\/author\/reformedmedia\/"},"uagb_comment_info":0,"uagb_excerpt":"Want to help spread the Gospel? EOM has a number of tangible needs that you can help provide for the furtherance of the Gospel, should you feel led of the Lord to do so. Here are some of the items we would like to keep in stock as we continue to preach Christ and Him&hellip;","sermons_blog_filters_topics":"\t\t\t\t<div class=\"sm-filtering\">\n\t\t\t\t\t<div id=\"wpfc_sermon_sorting\" class=\"no-spacing\">\n\t\t\t\t\t\t\t\t\t\t\t\t\t\n\t\t\t\t\t<div class=\"sortTopics\" style=\"display: inline-block\">\n\t\t\t\t<form action=\"https:\/\/evangelismoutreachministries.com\/es\/wp-json\/wp\/v2\/pages\/21439\/\" method=\"get\">\n\t\t\t\t\t<select name=\"wpfc_sermon_topics\"\n\t\t\t\t\t\t\ttitle=\"Topic\"\n\t\t\t\t\t\t\tid=\"wpfc_sermon_topics\"\n\t\t\t\t\t\t\tonchange=\"if(this.options[this.selectedIndex].value !== ''){return this.form.submit()}else{window.location = window.location.href.split('?')[0];}\"\n\t\t\t\t\t\t\tautocomplete=\"off\"\n\t\t\t\t\t\t>\n\t\t\t\t\t\t<option value=\"\">Topic<\/option>\n\t\t\t\t\t\t<option value=\"types-and-shadows\" >Types and Shadows<\/option>\t\t\t\t\t<\/select>\n\t\t\t\t\t\t\t\t\t\t\t\t\t\t\t\t\t\t\t\t\t\t\t\t\t<noscript>\n\t\t\t\t\t\t<div><input type=\"submit\" value=\"Submit\"\/><\/div>\n\t\t\t\t\t<\/noscript>\n\t\t\t\t<\/form>\n\t\t\t<\/div>\n\t\t\t\t\t\t\t\t\t\t\t\t\t\t\t\t\t\t<\/div>\n\t\t\t\t<\/div>\n\t\t\t\t","sermons_blog_filters_series":"\t\t\t\t<div class=\"sm-filtering\">\n\t\t\t\t\t<div id=\"wpfc_sermon_sorting\" class=\"no-spacing\">\n\t\t\t\t\t\t\t\t\n\t\t\t\t\t<div class=\"sortSeries\" style=\"display: inline-block\">\n\t\t\t\t<form action=\"https:\/\/evangelismoutreachministries.com\/es\/wp-json\/wp\/v2\/pages\/21439\/\" method=\"get\">\n\t\t\t\t\t<select name=\"wpfc_sermon_series\"\n\t\t\t\t\t\t\ttitle=\"Series\"\n\t\t\t\t\t\t\tid=\"wpfc_sermon_series\"\n\t\t\t\t\t\t\tonchange=\"if(this.options[this.selectedIndex].value !== ''){return this.form.submit()}else{window.location = window.location.href.split('?')[0];}\"\n\t\t\t\t\t\t\tautocomplete=\"off\"\n\t\t\t\t\t\t>\n\t\t\t\t\t\t<option value=\"\">Series<\/option>\n\t\t\t\t\t\t<option value=\"christ-in-the-psalms\" >Christ in the Psalms<\/option>\t\t\t\t\t<\/select>\n\t\t\t\t\t\t\t\t\t\t\t\t\t\t\t\t\t\t\t\t\t\t\t\t\t<noscript>\n\t\t\t\t\t\t<div><input type=\"submit\" value=\"Submit\"\/><\/div>\n\t\t\t\t\t<\/noscript>\n\t\t\t\t<\/form>\n\t\t\t<\/div>\n\t\t\t\t\t\t\t\t\t\t\t\t\t\t\t\t\t\t\t\t\t\t\t<\/div>\n\t\t\t\t<\/div>\n\t\t\t\t","sermons_blog_filters_preachers":"\t\t\t\t<div class=\"sm-filtering\">\n\t\t\t\t\t<div id=\"wpfc_sermon_sorting\" class=\"no-spacing\">\n\t\t\t\n\t\t\t\t\t<div class=\"sortPreacher\" style=\"display: inline-block\">\n\t\t\t\t<form action=\"https:\/\/evangelismoutreachministries.com\/es\/wp-json\/wp\/v2\/pages\/21439\/\" method=\"get\">\n\t\t\t\t\t<select name=\"wpfc_preacher\"\n\t\t\t\t\t\t\ttitle=\"Speaker\"\n\t\t\t\t\t\t\tid=\"wpfc_preacher\"\n\t\t\t\t\t\t\tonchange=\"if(this.options[this.selectedIndex].value !== ''){return this.form.submit()}else{window.location = window.location.href.split('?')[0];}\"\n\t\t\t\t\t\t\tautocomplete=\"off\"\n\t\t\t\t\t\t>\n\t\t\t\t\t\t<option value=\"\">Speaker<\/option>\n\t\t\t\t\t\t<option value=\"pastor-john\" >Pastor John<\/option>\t\t\t\t\t<\/select>\n\t\t\t\t\t\t\t\t\t\t\t\t\t\t\t\t\t\t\t\t\t\t\t\t\t<noscript>\n\t\t\t\t\t\t<div><input type=\"submit\" value=\"Submit\"\/><\/div>\n\t\t\t\t\t<\/noscript>\n\t\t\t\t<\/form>\n\t\t\t<\/div>\n\t\t\t\t\t\t\t\t\t\t\t\t\t\t\t\t\t\t\t\t\t\t\t\t\t\t\t\t<\/div>\n\t\t\t\t<\/div>\n\t\t\t\t","sermons_blog_filters_books":"\t\t\t\t<div class=\"sm-filtering\">\n\t\t\t\t\t<div id=\"wpfc_sermon_sorting\" class=\"no-spacing\">\n\t\t\t\t\t\t\t\t\t\t\t\t\t\t\t\t\t\t\n\t\t\t\t\t<div class=\"sortBooks\" style=\"display: inline-block\">\n\t\t\t\t<form action=\"https:\/\/evangelismoutreachministries.com\/es\/wp-json\/wp\/v2\/pages\/21439\/\" method=\"get\">\n\t\t\t\t\t<select name=\"wpfc_bible_book\"\n\t\t\t\t\t\t\ttitle=\"Book\"\n\t\t\t\t\t\t\tid=\"wpfc_bible_book\"\n\t\t\t\t\t\t\tonchange=\"if(this.options[this.selectedIndex].value !== ''){return this.form.submit()}else{window.location = window.location.href.split('?')[0];}\"\n\t\t\t\t\t\t\tautocomplete=\"off\"\n\t\t\t\t\t\t>\n\t\t\t\t\t\t<option value=\"\">Book<\/option>\n\t\t\t\t\t\t<option value=\"psalms\" >Psalms<\/option><option value=\"genesis\" >Genesis<\/option><option value=\"exodus\" >Exodus<\/option><option value=\"leviticus\" >Leviticus<\/option><option value=\"numbers\" >Numbers<\/option><option value=\"deuteronomy\" >Deuteronomy<\/option><option value=\"joshua\" >Joshua<\/option><option value=\"judges\" >Judges<\/option><option value=\"ruth\" >Ruth<\/option><option value=\"1-samuel\" >1 Samuel<\/option><option value=\"2-samuel\" >2 Samuel<\/option><option value=\"1-kings\" >1 Kings<\/option><option value=\"2-kings\" >2 Kings<\/option><option value=\"1-chronicles\" >1 Chronicles<\/option><option value=\"2-chronicles\" >2 Chronicles<\/option><option value=\"ezra\" >Ezra<\/option><option value=\"nehemiah\" >Nehemiah<\/option><option value=\"esther\" >Esther<\/option><option value=\"job\" >Job<\/option><option value=\"proverbs\" >Proverbs<\/option><option value=\"ecclesiastes\" >Ecclesiastes<\/option><option value=\"song-of-solomon\" >Song of Solomon<\/option><option value=\"isaiah\" >Isaiah<\/option><option value=\"jeremiah\" >Jeremiah<\/option><option value=\"lamentations\" >Lamentations<\/option><option value=\"daniel\" >Daniel<\/option><option value=\"ezekiel\" >Ezekiel<\/option><option value=\"hosea\" >Hosea<\/option><option value=\"joel\" >Joel<\/option><option value=\"amos\" >Amos<\/option><option value=\"obadiah\" >Obadiah<\/option><option value=\"jonah\" >Jonah<\/option><option value=\"micah\" >Micah<\/option><option value=\"nahum\" >Nahum<\/option><option value=\"habakkuk\" >Habakkuk<\/option><option value=\"zephaniah\" >Zephaniah<\/option><option value=\"haggai\" >Haggai<\/option><option value=\"zechariah\" >Zechariah<\/option><option value=\"malachi\" >Malachi<\/option><option value=\"matthew\" >Matthew<\/option><option value=\"mark\" >Mark<\/option><option value=\"luke\" >Luke<\/option><option value=\"john\" >John<\/option><option value=\"acts\" >Acts<\/option><option value=\"romans\" >Romans<\/option><option value=\"1-corinthians\" >1 Corinthians<\/option><option value=\"2-corinthians\" >2 Corinthians<\/option><option value=\"galatians\" >Galatians<\/option><option value=\"ephesians\" >Ephesians<\/option><option value=\"philippians\" >Philippians<\/option><option value=\"colossians\" >Colossians<\/option><option value=\"1-thessalonians\" >1 Thessalonians<\/option><option value=\"2-thessalonians\" >2 Thessalonians<\/option><option value=\"1-timothy\" >1 Timothy<\/option><option value=\"2-timothy\" >2 Timothy<\/option><option value=\"titus\" >Titus<\/option><option value=\"philemon\" >Philemon<\/option><option value=\"hebrews\" >Hebrews<\/option><option value=\"james\" >James<\/option><option value=\"1-peter\" >1 Peter<\/option><option value=\"2-peter\" >2 Peter<\/option><option value=\"1-john\" >1 John<\/option><option value=\"2-john\" >2 John<\/option><option value=\"3-john\" >3 John<\/option><option value=\"jude\" >Jude<\/option><option value=\"revelation\" >Revelation<\/option>\t\t\t\t\t<\/select>\n\t\t\t\t\t\t\t\t\t\t\t\t\t\t\t\t\t\t\t\t\t\t\t\t\t<noscript>\n\t\t\t\t\t\t<div><input type=\"submit\" value=\"Submit\"\/><\/div>\n\t\t\t\t\t<\/noscript>\n\t\t\t\t<\/form>\n\t\t\t<\/div>\n\t\t\t\t\t\t\t\t\t\t\t\t\t<\/div>\n\t\t\t\t<\/div>\n\t\t\t\t","sermons_blog_filters_service_types":"\t\t\t\t<div class=\"sm-filtering\">\n\t\t\t\t\t<div id=\"wpfc_sermon_sorting\" class=\"no-spacing\">\n\t\t\t\t\t\t\t\t\t\t\t\t\t\t\t\t\t\t\t\t\t\t\t\n\t\t\t\t\t<div class=\"sortServiceTypes\" style=\"display: inline-block\">\n\t\t\t\t<form action=\"https:\/\/evangelismoutreachministries.com\/es\/wp-json\/wp\/v2\/pages\/21439\/\" method=\"get\">\n\t\t\t\t\t<select name=\"wpfc_service_type\"\n\t\t\t\t\t\t\ttitle=\"Service Type\"\n\t\t\t\t\t\t\tid=\"wpfc_service_type\"\n\t\t\t\t\t\t\tonchange=\"if(this.options[this.selectedIndex].value !== ''){return this.form.submit()}else{window.location = window.location.href.split('?')[0];}\"\n\t\t\t\t\t\t\tautocomplete=\"off\"\n\t\t\t\t\t\t>\n\t\t\t\t\t\t<option value=\"\">Service Type<\/option>\n\t\t\t\t\t\t<option value=\"morning-service\" >Morning Service<\/option>\t\t\t\t\t<\/select>\n\t\t\t\t\t\t\t\t\t\t\t\t\t\t\t\t\t\t\t\t\t\t\t\t\t<noscript>\n\t\t\t\t\t\t<div><input type=\"submit\" value=\"Submit\"\/><\/div>\n\t\t\t\t\t<\/noscript>\n\t\t\t\t<\/form>\n\t\t\t<\/div>\n\t\t\t\t\t\t\t\t<\/div>\n\t\t\t\t<\/div>\n\t\t\t\t","sermons_blog_filters_dates":"\t\t\t\t<div class=\"sm-filtering\">\n\t\t\t\t\t<div id=\"wpfc_sermon_sorting\" class=\"no-spacing\">\n\t\t\t\t\t\t\t\t\t\t\t\t\t\t\t\t\t\t\t\t\t\t\t\t\t\t\t\t\n\t\t\t\t\t<div class=\"sortDates\" style=\"display: inline-block\">\n\t\t\t\t<form action=\"https:\/\/evangelismoutreachministries.com\/es\/wp-json\/wp\/v2\/pages\/21439\/\" method=\"get\">\n\t\t\t\t\t<select name=\"wpfc_dates\"\n\t\t\t\t\t\t\ttitle=\"Date\"\n\t\t\t\t\t\t\tid=\"wpfc_dates\"\n\t\t\t\t\t\t\tonchange=\"if(this.options[this.selectedIndex].value !== ''){return this.form.submit()}else{window.location = window.location.href.split('?')[0];}\"\n\t\t\t\t\t\t\tautocomplete=\"off\"\n\t\t\t\t\t\t>\n\t\t\t\t\t\t<option value=\"\">Date<\/option>\n\t\t\t\t\t\t\t\t\t\t\t<\/select>\n\t\t\t\t\t\t\t\t\t\t\t\t\t\t\t\t\t\t\t\t\t\t\t\t\t<noscript>\n\t\t\t\t\t\t<div><input type=\"submit\" value=\"Submit\"\/><\/div>\n\t\t\t\t\t<\/noscript>\n\t\t\t\t<\/form>\n\t\t\t<\/div>\n\t\t\t<\/div>\n\t\t\t\t<\/div>\n\t\t\t\t","sermons_blog_image_url":"https:\/\/evangelismoutreachministries.com\/wp-content\/uploads\/2024\/05\/1-e1714773485897.jpg","sermons_blog_video":"","sermons_blog_series":false,"sermons_blog_meta_sermon_description":"","sermons_blog_show_readmore":false,"sermons_blog_audio":false,"sermons_blog_preacher_image":"","sermons_blog_preacher":false,"sermons_blog_bible_passage":null,"sermons_blog_service_type":false,"_links":{"self":[{"href":"https:\/\/evangelismoutreachministries.com\/es\/wp-json\/wp\/v2\/pages\/21439","targetHints":{"allow":["GET"]}}],"collection":[{"href":"https:\/\/evangelismoutreachministries.com\/es\/wp-json\/wp\/v2\/pages"}],"about":[{"href":"https:\/\/evangelismoutreachministries.com\/es\/wp-json\/wp\/v2\/types\/page"}],"author":[{"embeddable":true,"href":"https:\/\/evangelismoutreachministries.com\/es\/wp-json\/wp\/v2\/users\/3"}],"replies":[{"embeddable":true,"href":"https:\/\/evangelismoutreachministries.com\/es\/wp-json\/wp\/v2\/comments?post=21439"}],"version-history":[{"count":6,"href":"https:\/\/evangelismoutreachministries.com\/es\/wp-json\/wp\/v2\/pages\/21439\/revisions"}],"predecessor-version":[{"id":21450,"href":"https:\/\/evangelismoutreachministries.com\/es\/wp-json\/wp\/v2\/pages\/21439\/revisions\/21450"}],"wp:featuredmedia":[{"embeddable":true,"href":"https:\/\/evangelismoutreachministries.com\/es\/wp-json\/wp\/v2\/media\/21363"}],"wp:attachment":[{"href":"https:\/\/evangelismoutreachministries.com\/es\/wp-json\/wp\/v2\/media?parent=21439"}],"curies":[{"name":"wp","href":"https:\/\/api.w.org\/{rel}","templated":true}]}}